{"id":7935,"date":"2013-03-19T01:12:42","date_gmt":"2013-03-19T00:12:42","guid":{"rendered":"http:\/\/www.disfrutalapalma.com\/?page_id=7935"},"modified":"2013-03-19T01:12:42","modified_gmt":"2013-03-19T00:12:42","slug":"hotels","status":"publish","type":"page","link":"https:\/\/www.disfrutalapalma.com\/de\/unterkunfts-guide\/hotels\/","title":{"rendered":"Hotels"},"content":{"rendered":"<div class=\"associated-posts title-full-content\"><div class=\"associated-post\"><h2 class=\"post-title\"><a href=\"https:\/\/www.disfrutalapalma.com\/de\/alojamiento\/oceaanzicht-nl\/\" title=\"La Palma Oceaanzicht.nl\">La Palma Oceaanzicht.nl<\/a><\/h2><div class=\"post-content\"><\/div><\/div><div class=\"associated-post\"><h2 class=\"post-title\"><a href=\"https:\/\/www.disfrutalapalma.com\/de\/alojamiento\/hotel-san-telmo\/\" title=\"Hotel San Telmo\">Hotel San Telmo<\/a><\/h2><div class=\"post-content\"><\/div><\/div><div class=\"associated-post\"><h2 class=\"post-title\"><a href=\"https:\/\/www.disfrutalapalma.com\/de\/alojamiento\/hotel-ed%c3%a9n\/\" title=\"Hotel Ed\u00e9n\">Hotel Ed\u00e9n<\/a><\/h2><div class=\"post-content\"><\/div><\/div><div class=\"associated-post\"><h2 class=\"post-title\"><a href=\"https:\/\/www.disfrutalapalma.com\/de\/alojamiento\/la-palma-travel\/\" title=\"La-Palma.travel\">La-Palma.travel<\/a><\/h2><div class=\"post-content\"><\/div><\/div><div class=\"associated-post\"><h2 class=\"post-title\"><a href=\"https:\/\/www.disfrutalapalma.com\/de\/alojamiento\/hotel-las-olas\/\" title=\"Hotel Las Olas\">Hotel Las Olas<\/a><\/h2><div class=\"post-content\"><\/div><\/div><div class=\"associated-post\"><h2 class=\"post-title\"><a href=\"https:\/\/www.disfrutalapalma.com\/de\/alojamiento\/hotel-hacienda-san-jorge\/\" title=\"Hotel Hacienda San Jorge\">Hotel Hacienda San Jorge<\/a><\/h2><div class=\"post-content\"><\/div><\/div><div class=\"associated-post\"><h2 class=\"post-title\"><a href=\"https:\/\/www.disfrutalapalma.com\/de\/alojamiento\/hotel-h10-costa-salinas-2\/\" title=\"Hotel H10 Costa Salinas\">Hotel H10 Costa Salinas<\/a><\/h2><div class=\"post-content\"><\/div><\/div><div class=\"associated-post\"><h2 class=\"post-title\"><a href=\"https:\/\/www.disfrutalapalma.com\/de\/alojamiento\/hotel-sol-la-palma\/\" title=\"Hotel Sol La Palma\">Hotel Sol La Palma<\/a><\/h2><div class=\"post-content\"><\/div><\/div><div class=\"associated-post\"><h2 class=\"post-title\"><a href=\"https:\/\/www.disfrutalapalma.com\/de\/alojamiento\/hotel-la-palma-tenegu%c3%ada-princess\/\" title=\"Hotel La Palma Tenegu\u00eda Princess\">Hotel La Palma Tenegu\u00eda Princess<\/a><\/h2><div class=\"post-content\"><\/div><\/div><div class=\"associated-post\"><h2 class=\"post-title\"><a href=\"https:\/\/www.disfrutalapalma.com\/de\/alojamiento\/hotel-parador-de-la-palma\/\" title=\"Hotel Parador de La Palma\">Hotel Parador de La Palma<\/a><\/h2><div class=\"post-content\"><\/div><\/div><div class=\"associated-post\"><h2 class=\"post-title\"><a href=\"https:\/\/www.disfrutalapalma.com\/de\/alojamiento\/hotel-trocadero-plaza-2\/\" title=\"Hotel Benahoare\">Hotel Benahoare<\/a><\/h2><div class=\"post-content\"><\/div><\/div><div class=\"associated-post\"><h2 class=\"post-title\"><a href=\"https:\/\/www.disfrutalapalma.com\/de\/alojamiento\/hotel-hacienda-de-abajo\/\" title=\"Hotel Hacienda de Abajo\">Hotel Hacienda de Abajo<\/a><\/h2><div class=\"post-content\"><\/div><\/div><div class=\"associated-post\"><h2 class=\"post-title\"><a href=\"https:\/\/www.disfrutalapalma.com\/de\/alojamiento\/hotel-la-palma-rom%c3%a1ntica\/\" title=\"Hotel La Palma Rom\u00e1ntica\">Hotel La Palma Rom\u00e1ntica<\/a><\/h2><div class=\"post-content\"><\/div><\/div><div class=\"associated-post\"><h2 class=\"post-title\"><a href=\"https:\/\/www.disfrutalapalma.com\/de\/alojamiento\/hotel-valle-aridane\/\" title=\"Hotel Valle Aridane\">Hotel Valle Aridane<\/a><\/h2><div class=\"post-content\"><\/div><\/div><div class=\"associated-post\"><h2 class=\"post-title\"><a href=\"https:\/\/www.disfrutalapalma.com\/de\/alojamiento\/hotel-el-gale%c3%b3n\/\" title=\"Hotel El Gale\u00f3n\">Hotel El Gale\u00f3n<\/a><\/h2><div class=\"post-content\"><div class=\"associated-posts title-full-content\"><\/div><\/div><\/div><\/div>\n","protected":false},"excerpt":{"rendered":"<p>La Palma Oceaanzicht.nlHotel San TelmoHotel Ed\u00e9nLa-Palma.travelHotel Las OlasHotel Hacienda San JorgeHotel H10 Costa SalinasHotel Sol La PalmaHotel La Palma Tenegu\u00eda PrincessHotel Parador de La PalmaHotel BenahoareHotel Hacienda de AbajoHotel La Palma Rom\u00e1nticaHotel Valle AridaneHotel El Gale\u00f3n<\/p>\n","protected":false},"author":3004,"featured_media":0,"parent":7877,"menu_order":121,"comment_status":"closed","ping_status":"closed","template":"","meta":{"_acf_changed":false,"footnotes":""},"class_list":["post-7935","page","type-page","status-publish","hentry"],"acf":[],"_links":{"self":[{"href":"https:\/\/www.disfrutalapalma.com\/de\/wp-json\/wp\/v2\/pages\/7935","targetHints":{"allow":["GET"]}}],"collection":[{"href":"https:\/\/www.disfrutalapalma.com\/de\/wp-json\/wp\/v2\/pages"}],"about":[{"href":"https:\/\/www.disfrutalapalma.com\/de\/wp-json\/wp\/v2\/types\/page"}],"author":[{"embeddable":true,"href":"https:\/\/www.disfrutalapalma.com\/de\/wp-json\/wp\/v2\/users\/3004"}],"replies":[{"embeddable":true,"href":"https:\/\/www.disfrutalapalma.com\/de\/wp-json\/wp\/v2\/comments?post=7935"}],"version-history":[{"count":1,"href":"https:\/\/www.disfrutalapalma.com\/de\/wp-json\/wp\/v2\/pages\/7935\/revisions"}],"predecessor-version":[{"id":7936,"href":"https:\/\/www.disfrutalapalma.com\/de\/wp-json\/wp\/v2\/pages\/7935\/revisions\/7936"}],"up":[{"embeddable":true,"href":"https:\/\/www.disfrutalapalma.com\/de\/wp-json\/wp\/v2\/pages\/7877"}],"wp:attachment":[{"href":"https:\/\/www.disfrutalapalma.com\/de\/wp-json\/wp\/v2\/media?parent=7935"}],"curies":[{"name":"wp","href":"https:\/\/api.w.org\/{rel}","templated":true}]}}