{"id":6292,"date":"2012-09-20T14:34:43","date_gmt":"2012-09-20T13:34:43","guid":{"rendered":"http:\/\/www.disfrutalapalma.com\/?page_id=6292"},"modified":"2012-09-20T14:34:43","modified_gmt":"2012-09-20T13:34:43","slug":"home-ausgabe-4","status":"publish","type":"page","link":"https:\/\/www.disfrutalapalma.com\/de\/home-ausgabe-4\/","title":{"rendered":"Home Ausgabe 4"},"content":{"rendered":"<div style=\"margin-top:0px; height:20px;width:60px;background-color:#c96802;text-align:center; color:#FFF;float:left;padding-top:4px;padding-left:8px; -webkit-border-bottom-left-radius: 8px;\n    -webkit-border-top-left-radius: 8px;\n    -khtml-border-bottom-left-radius: 8px;\n    -khtml-border-top-left-radius: 8px;\n    -moz-border-radius-bottomleft: 8px;\n    -moz-border-radius-topleft: 8px;\n    border-bottom-left-radius: 8px;\n    border-top-left-radius: 8px;\">NUEVOS<\/div>\n<div id=\"ticker1\" style=\"\"><!-- WP-Ticker-Content Begin -->\n<div class=\"ticker_content\" id=\"ticker_content_4\" onmouseover=\"jTickerEndHScroller(4)\" onmouseout=\"jTickerStartHScroller(4)\">\n<div>Die neue gedruckte Ausgabe: Jetzt wieder auf der gesamten Insel!<\/div><\/div>\n\n<script type=\"text\/javascript\">\nshow_time[4] = 6000;\nout_time[4] = 1000;\nin_time[4] = 1000;\nfade_timer[4];\njTickerStartHScroller(4);\n<\/script>\n<!-- WP-Ticker-Content END -->\n<\/div>\n<div id=\"newsmeldung1\" style=\"font-size: 10px; text-align: left; margin-top: 4px;clear:both;\">[thkBC id=&#8220;2380&#8243; height=&#8220;630&#8243; width=&#8220;500&#8243; anchortext=&#8220;Hast du Neuigkeiten bzw. News zu melden? Schreib uns\u00a0<strong>HIER<\/strong>!&#8220; title=&#8220;Mitteilung \u00fcber Neuigkeiten, News oder Aktuelles aus La Palma&#8220; type=&#8220;iframe&#8220;]<\/div>\n<div style=\"padding-top: 20px; margin-bottom: 25px; padding-bottom: 15px; border-bottom: solid; border-bottom-width: 4px;\">\n<div style=\"float: left; margin-right: -40px; width: 222px;\"><img loading=\"lazy\" decoding=\"async\" src=\"http:\/\/www.disfrutalapalma.com\/wp-content\/uploads\/Neue_Ausgabe_4-12-1.png\" alt=\"\" title=\"Neue_Ausgabe_4-12-1\" width=\"300\" height=\"381\" class=\"alignnone size-full wp-image-6294\" srcset=\"https:\/\/www.disfrutalapalma.com\/wp-content\/uploads\/Neue_Ausgabe_4-12-1.png 300w, https:\/\/www.disfrutalapalma.com\/wp-content\/uploads\/Neue_Ausgabe_4-12-1-236x300.png 236w\" sizes=\"auto, (max-width: 300px) 100vw, 300px\" \/><\/div>\n<div style=\"margin-bottom: 10px;\"><span style=\"font-size: x-large; font-family: helvetica; line-height: 28px;color: #000000; margin-bottom: 5px;font-weight:bold;padding-left:45px;\">1. Oktober 2012:<\/span><br \/><span style=\"font-size: x-large; font-family: helvetica; line-height: 28px;color: #000000; margin-bottom: 5px;font-weight:bold;padding-left:45px;\">Willkommen zur neuen Ausgabe<\/span><br \/><span style=\"font-size: x-large; font-family: helvetica; line-height: 28px;color: #000000; margin-bottom: 5px;font-weight:bold;padding-left:45px;\">der <span style=\"color: #c96802;\">\u00a1DISFRUTA! La Palma<\/span><\/span><\/div>\n<div style=\"line-height: 18px;\">Keine Frage, die H\u00e4nde in den Scho\u00df zu legen und darauf zu warten, dass pl\u00f6tzlich alles wieder gut wird, ist kein Mittel, um die derzeitige Krise zu \u00fcberleben. Umdenken und Anfassen ist angesagt. Neue, kreative Konzepte, die sich deutlich vom \u00dcblichen unterscheiden und dem Verbraucher ein besonderes, ein Aha-Erlebnis vermitteln, haben gerade jetzt, wo das Geld nicht mehr so locker sitzt, die beste Chance auf Erfolg. Vielleicht w\u00e4re es ja mal hilfreich, sich die Konzepte der Erfolgreicheren anzusehen, bevor man die zehnte Bar mit dem gleichen Angebot in der gleichen Stra\u00dfe er\u00f6ffnet und lediglich aufgrund einiger kopierter Handzettel darauf setzt, dass das Lokal voll wird?<br \/>\nVier von diesen &#8222;Erfolgreicheren&#8220; stellen wir in dieser Ausgabe vor: Restaurants, die u.a. durch ihre au\u00dfergew\u00f6hnliche K\u00fcche, einen Top-Service, ein ausgesuchtes Ambiente und nicht zuletzt auch durch ein professionelles Marketing zu den Perlen der Gastronomie im Aridanetal z\u00e4hlen und deshalb von uns das Pr\u00e4dikat &#8222;Absolut empfehlenswert&#8220; erhalten.<br \/>\nEines dieser Restaurants, das Carpe Diem in Tazacorte, hat \u00fcbrigens gerade &#8211; nebenbei gesagt: bereits zum dritten Mal hintereinander &#8211; den ersten Preis bei der Ruta del Gallo, dem allj\u00e4hrlich stattfindenden Tapas-Contest der Insel gewonnen. Herzlichen Gl\u00fcckwunsch dazu! Aber auch einige weitere Preise sind dar\u00fcber hinaus beachtenswert, wurden sie doch von wie eingangs erw\u00e4hnten &#8222;Umdenkern&#8220; und gerade erst er\u00f6ffneten Restaurants bzw. Bars gewonnen: Restaurant La Ventana (Tazacorte), Tapas &#038; Trekking (El Paso) und Caf\u00e9 Marex (Los Llanos). Auch ihnen einen herzlichen Gl\u00fcckwunsch zu diesem sch\u00f6nen Erfolg! Zu all\u2019 diesen Lokalen finden Sie \u00fcbrigens auch weitere redaktionelle Informationen in diesem Heft.<br \/>\nWir hoffen, Sie haben nun beim Lesen der vorliegenden Ausgabe ebenso viel Freude, wie uns die Vorbereitung daf\u00fcr gemacht hat!<\/div>\n<div style=\"margin-top: 7px; line-height: 18px;\"><strong><span style=\"font-family: helvetica; font-size: 14px;\">Bleibt zu guter Letzt wieder einmal nur noch zu sagen: <br \/><span style=\"color: #c96802;\">\u00a1DISFRUTA! La Palma &#8211; \u00a1GENIESS! La Palma<\/span><\/span><\/strong><\/div>\n<\/div>\n<div style=\"text-align: center; font-size: 10px; border-top-width: thin; margin-bottom: 20px; padding: 0px; padding-top: 0px;\">Werbung<a href=\"http:\/\/www.lascosasbuenas.de\" target=\"_blank\"><img loading=\"lazy\" decoding=\"async\" src=\"http:\/\/www.disfrutalapalma.com\/wp-content\/uploads\/Llopart_banner-D.jpg\" alt=\"\" title=\"Llopart_banner-D\" width=\"640\" height=\"100\" class=\"alignnone size-full wp-image-6298\" srcset=\"https:\/\/www.disfrutalapalma.com\/wp-content\/uploads\/Llopart_banner-D.jpg 640w, https:\/\/www.disfrutalapalma.com\/wp-content\/uploads\/Llopart_banner-D-300x46.jpg 300w\" sizes=\"auto, (max-width: 640px) 100vw, 640px\" \/><\/a><\/div>\n<div style=\"border-top: dotted; border-top-width: thin; margin-top: 25px; padding-top: 20px; margin-bottom: 25px; padding-bottom: 20px; border-bottom: dotted; border-bottom-width: thin;\">\n<div style=\"overflow: hidden; padding-bottom:20px; border: solid #CDCDCD 1px;background: #e2e2e2;background: -moz-radial-gradient(center, ellipse cover,  #e2e2e2 40%, #ffffff 100%);background: -webkit-gradient(radial, center center, 0px, center center, 100%, color-stop(40%,#e2e2e2), color-stop(100%,#ffffff));background: -webkit-radial-gradient(center, ellipse cover,  #e2e2e2 40%,#ffffff 100%);background: -o-radial-gradient(center, ellipse cover,  #e2e2e2 40%,#ffffff 100%);background: -ms-radial-gradient(center, ellipse cover,  #e2e2e2 40%,#ffffff 100%);background: radial-gradient(center, ellipse cover,  #e2e2e2 40%,#ffffff 100%);filter: progid:DXImageTransform.Microsoft.gradient( startColorstr='#e2e2e2', endColorstr='#ffffff',GradientType=1 ); -moz-border-radius: 10px; -khtml-border-radius: 10px; height: 635px;\">\n<div style=\"padding-top: 10px; padding-bottom: 10px; padding-left: 30px; background-color: #000; font-size: x-large; font-family: helvetica; font-weight: bold; color: #c96802;\">\u00a1DISFRUTA! La Palma<span style=\"color: #fff; font-weight: lighter;\">\u00a0\u00a0\u00a0\u00a0Ausgabe 4:<\/span><\/div>\n<p>[vslider name=&#8220;EinstiegEdition4D&#8220;]<\/p>\n<div style=\"width: 580px; margin-top: 20px; margin-left: 30px; margin-right: 30px; padding-bottom: 5px; border-bottom: solid #CDCDCD thin;\"><span style=\"font-size: 20px; color: #c96802; font-weight: bold;\">Inhalt<\/span><\/div>\n<div style=\"width: 580px; margin-top: 10px; margin-left: 30px; margin-right: 30px;\">\n<table width=\"100%;\" border=\"none;\" style=\"\">\n<tr>\n<td style=\"width:22%; border-right:#CCC solid thin;\">\n<p style=\"margin-bottom:0px;font-size: 14px; font-weight: bold;\">Vorwort<\/p>\n<p style=\"margin-bottom:0px;font-size: 14px; font-weight: bold;\">Foto der Ausgabe<\/p>\n<p style=\"margin-bottom:20px;font-size: 14px; font-weight: bold;\">Interessantes &#8230;<\/p>\n<p style=\"margin-bottom:0px;font-size: 14px; font-weight: bold;\">Gastro<span style=\"color: #c96802\">-Guide &#8230;<\/span><\/p>\n<p style=\"margin-bottom:0px;font-size: 14px; font-weight: bold;\">Freizeit<span style=\"color: #c96802; font-weight: bold;\">-Guide &#8230;<\/span><\/p>\n<p style=\"margin-bottom:0px;font-size: 14px; font-weight: bold;\">Kultur<span style=\"color: #c96802; font-weight: bold;margin-bottom:0px;\">-Guide &#8230;<\/span><\/p>\n<p style=\"margin-bottom:0px;font-size: 14px; font-weight: bold;\">Verschiedenes<span style=\"color: #c96802; font-weight: bold;margin-bottom:0px;\">-Guide &#8230;<\/span><\/p>\n<\/td>\n<td style=\"width:50%; padding-left:30px;\">\n<p style=\"margin-bottom: 4px;\"><span style=\"color: #c96802; font-weight: bold;\">Reportage<\/span> &#8222;Exzellent dinieren im Aridanetal&#8220;<\/p>\n<p style=\"margin-bottom: 4px;\"><span style=\"color: #c96802; font-weight: bold;\">Neuer\u00f6ffnung<\/span> &#8222;Schiffsrestaurant La Perla Negra&#8220;<\/p>\n<p style=\"margin-bottom: 4px;\"><span style=\"color: #c96802; font-weight: bold;\">Leckeres f\u00fcr jeden Tag<\/span> &#8222;Dulce y Salado, El Paso&#8220;<\/p>\n<p style=\"margin-bottom: 4px;\"><span style=\"color: #c96802; font-weight: bold;\">Ausflugstipp<\/span> &#8222;Tasca El Castillo, Garaf\u00eda&#8220;<\/p>\n<p style=\"margin-bottom: 4px;\"><span style=\"color: #c96802; font-weight: bold;\">Neuer\u00f6ffnung im Juni<\/span> &#8222;Restaurant La Ventana, Tazacorte&#8220;<\/p>\n<p style=\"margin-bottom: 4px;\"><span style=\"color: #c96802; font-weight: bold;\">Das besondere Erlebnis<\/span> &#8222;Unterwegs mit Fancy &#038; Fantasy&#8220;<\/p>\n<p style=\"margin-bottom: 0px;\"><span style=\"color: #c96802; font-weight: bold;\">Reportage<\/span> &#8222;Lik\u00f6re aus La Palma&#8220;<\/p>\n<\/td>\n<\/tr>\n<\/table>\n<\/div>\n<\/div>\n<\/div>\n<div style=\"text-align: center; font-size: 10px; border-bottom:1px dotted #000; margin-bottom: 20px; padding: 7px; padding-top: 0px;padding-bottom:20px;\">Werbung<a href=\"http:\/\/www.privatejetwork.com\" target=\"_blank\"><img loading=\"lazy\" decoding=\"async\" src=\"http:\/\/www.disfrutalapalma.com\/wp-content\/uploads\/D-20111129-Banner_600x50px.jpg\" alt=\"\" title=\"D-20111129-Banner_600x50px\" width=\"600\" height=\"50\" class=\"alignnone size-full wp-image-669\" srcset=\"https:\/\/www.disfrutalapalma.com\/wp-content\/uploads\/D-20111129-Banner_600x50px.jpg 600w, https:\/\/www.disfrutalapalma.com\/wp-content\/uploads\/D-20111129-Banner_600x50px-300x25.jpg 300w\" sizes=\"auto, (max-width: 600px) 100vw, 600px\" \/><\/a><\/div>\n<div style=\"text-align: left; border-bottom: solid; border-bottom-width: 5px; margin-bottom: 25px; padding-bottom: 7px; padding-top: 15px;\">\n<h2><strong>Ausz\u00fcge aus der aktuellen <span style=\"color: #c96802;\">\u00a1DISFRUTA! La Palma<\/span><\/strong><\/h2>\n<\/div>\n<div class=\"associated-posts title-full-content\"><\/div>\n","protected":false},"excerpt":{"rendered":"<p>NUEVOS [thkBC id=&#8220;2380&#8243; height=&#8220;630&#8243; width=&#8220;500&#8243; anchortext=&#8220;Hast du Neuigkeiten bzw. News zu melden? Schreib uns\u00a0HIER!&#8220; title=&#8220;Mitteilung \u00fcber Neuigkeiten, News oder Aktuelles aus La Palma&#8220; type=&#8220;iframe&#8220;] 1. Oktober 2012:Willkommen zur neuen Ausgabeder \u00a1DISFRUTA! La Palma Keine Frage, die H\u00e4nde in den Scho\u00df &hellip; <a href=\"https:\/\/www.disfrutalapalma.com\/de\/home-ausgabe-4\/\">Weiterlesen <span class=\"meta-nav\">&rarr;<\/span><\/a><\/p>\n","protected":false},"author":3004,"featured_media":0,"parent":0,"menu_order":114,"comment_status":"closed","ping_status":"closed","template":"","meta":{"_acf_changed":false,"footnotes":""},"class_list":["post-6292","page","type-page","status-publish","hentry"],"acf":[],"_links":{"self":[{"href":"https:\/\/www.disfrutalapalma.com\/de\/wp-json\/wp\/v2\/pages\/6292","targetHints":{"allow":["GET"]}}],"collection":[{"href":"https:\/\/www.disfrutalapalma.com\/de\/wp-json\/wp\/v2\/pages"}],"about":[{"href":"https:\/\/www.disfrutalapalma.com\/de\/wp-json\/wp\/v2\/types\/page"}],"author":[{"embeddable":true,"href":"https:\/\/www.disfrutalapalma.com\/de\/wp-json\/wp\/v2\/users\/3004"}],"replies":[{"embeddable":true,"href":"https:\/\/www.disfrutalapalma.com\/de\/wp-json\/wp\/v2\/comments?post=6292"}],"version-history":[{"count":11,"href":"https:\/\/www.disfrutalapalma.com\/de\/wp-json\/wp\/v2\/pages\/6292\/revisions"}],"predecessor-version":[{"id":6518,"href":"https:\/\/www.disfrutalapalma.com\/de\/wp-json\/wp\/v2\/pages\/6292\/revisions\/6518"}],"wp:attachment":[{"href":"https:\/\/www.disfrutalapalma.com\/de\/wp-json\/wp\/v2\/media?parent=6292"}],"curies":[{"name":"wp","href":"https:\/\/api.w.org\/{rel}","templated":true}]}}