{"id":4219,"date":"2012-07-18T16:42:57","date_gmt":"2012-07-18T15:42:57","guid":{"rendered":"http:\/\/www.disfrutalapalma.com\/?page_id=4219"},"modified":"2012-10-01T01:30:30","modified_gmt":"2012-10-01T00:30:30","slug":"museen","status":"publish","type":"page","link":"https:\/\/www.disfrutalapalma.com\/de\/kultur-guide\/museen\/","title":{"rendered":"Museen"},"content":{"rendered":"<div style=\"border: #CCC 1px solid; padding:10px;margin-bottom:15px;padding-bottom:6px;\"><img loading=\"lazy\" decoding=\"async\" src=\"http:\/\/www.disfrutalapalma.com\/wp-content\/associated-posts\/culturaeintrag1\/interess_aktiv20.gif\" width=\"20\" height=\"20\" alt=\"Lugares de inter\u00e9s\" style=\"margin-right:3px;\"\/>Sehensw\u00fcrdigkeiten<img loading=\"lazy\" decoding=\"async\" src=\"http:\/\/www.disfrutalapalma.com\/wp-content\/associated-posts\/culturaeintrag1\/arte_aktiv20.gif\" width=\"20\" height=\"20\" alt=\"Centros artesan\u00eda\" style=\"margin-right:3px;margin-left:10px;\"\/>Kunsthandwerk<img loading=\"lazy\" decoding=\"async\" src=\"http:\/\/www.disfrutalapalma.com\/wp-content\/associated-posts\/culturaeintrag1\/bodegas_aktiv20.gif\" width=\"20\" height=\"20\" alt=\"Bodegas\" style=\"margin-right:3px;margin-left:10px;\"\/>Bodegas<img loading=\"lazy\" decoding=\"async\" src=\"http:\/\/www.disfrutalapalma.com\/wp-content\/associated-posts\/culturaeintrag1\/mercado_aktiv20.gif\" width=\"20\" height=\"20\" alt=\"Mercadillos\" style=\"margin-right:3px;margin-left:10px;\"\/>M\u00e4rkte<img loading=\"lazy\" decoding=\"async\" src=\"http:\/\/www.disfrutalapalma.com\/wp-content\/associated-posts\/culturaeintrag1\/fiesta_aktiv20.gif\" width=\"20\" height=\"20\" alt=\"Fiestas\" style=\"margin-right:3px;margin-left:10px;\"\/>Feste<img loading=\"lazy\" decoding=\"async\" src=\"http:\/\/www.disfrutalapalma.com\/wp-content\/associated-posts\/culturaeintrag1\/museo_aktiv20.gif\" width=\"20\" height=\"20\" alt=\"Museos\" style=\"margin-right:3px;margin-left:10px;\"\/>Museen\n<\/div>\n<div class=\"associated-posts title-full-content\"><div class=\"associated-post\"><h2 class=\"post-title\"><a href=\"https:\/\/www.disfrutalapalma.com\/de\/cultura\/la-molina-galer%c3%ada-artesan%c3%ada-galerie-kunsthandwerk\/\" title=\"La Molina &#8211; Galer\u00eda &#038; Artesan\u00eda &#8211; Galerie &#038; Kunsthandwerk\">La Molina &#8211; Galer\u00eda &#038; Artesan\u00eda &#8211; Galerie &#038; Kunsthandwerk<\/a><\/h2><div class=\"post-content\"><\/div><\/div><div class=\"associated-post\"><h2 class=\"post-title\"><a href=\"https:\/\/www.disfrutalapalma.com\/de\/cultura\/benahoarita-museo-arqueologico-archaologisches-museum-2\/\" title=\"Benahoarita \u2013 Museo Arqueol\u00f3gico | Arch\u00e4olog. Museum\">Benahoarita \u2013 Museo Arqueol\u00f3gico | Arch\u00e4olog. Museum<\/a><\/h2><div class=\"post-content\"><div class=\"associated-posts title-full-content\"><\/div><\/div><\/div><div class=\"associated-post\"><h2 class=\"post-title\"><a href=\"https:\/\/www.disfrutalapalma.com\/de\/cultura\/museo-insular-inselmuseum-la-palma-2\/\" title=\"Museo Insular | Inselmuseum La Palma\">Museo Insular | Inselmuseum La Palma<\/a><\/h2><div class=\"post-content\"><div class=\"associated-posts title-full-content\"><\/div><\/div><\/div><div class=\"associated-post\"><h2 class=\"post-title\"><a href=\"https:\/\/www.disfrutalapalma.com\/de\/cultura\/museo-de-la-fiesta-de-las-cruzes-kreuzfest-museum-2\/\" title=\"Museo de la Fiesta de las Cruzes | Kreuzfest-Museum\">Museo de la Fiesta de las Cruzes | Kreuzfest-Museum<\/a><\/h2><div class=\"post-content\"><div class=\"associated-posts title-full-content\"><\/div><\/div><\/div><div class=\"associated-post\"><h2 class=\"post-title\"><a href=\"https:\/\/www.disfrutalapalma.com\/de\/cultura\/museo-naval-schiffsmuseum-2\/\" title=\"Museo Naval | Schiffsmuseum\">Museo Naval | Schiffsmuseum<\/a><\/h2><div class=\"post-content\"><div class=\"associated-posts title-full-content\"><\/div><\/div><\/div><div class=\"associated-post\"><h2 class=\"post-title\"><a href=\"https:\/\/www.disfrutalapalma.com\/de\/cultura\/kunstraum-la-palma-galeria-galerie-2\/\" title=\"Kunstraum La Palma Galer\u00eda | Galerie\">Kunstraum La Palma Galer\u00eda | Galerie<\/a><\/h2><div class=\"post-content\"><\/div><\/div><div class=\"associated-post\"><h2 class=\"post-title\"><a href=\"https:\/\/www.disfrutalapalma.com\/de\/cultura\/museo-de-seda-seiden-2\/\" title=\"Museo de Seda | Seidenmuseum\">Museo de Seda | Seidenmuseum<\/a><\/h2><div class=\"post-content\"><div class=\"associated-posts title-full-content\"><\/div><\/div><\/div><div class=\"associated-post\"><h2 class=\"post-title\"><a href=\"https:\/\/www.disfrutalapalma.com\/de\/cultura\/museo-del-corpus-y-el-bordado-museum-fur-kloppelnspitzen\/\" title=\"Museo del Corpus y el Bordado | Museum f. Kl\u00f6ppeln\/Spitzen\">Museo del Corpus y el Bordado | Museum f. Kl\u00f6ppeln\/Spitzen<\/a><\/h2><div class=\"post-content\"><\/div><\/div><div class=\"associated-post\"><h2 class=\"post-title\"><a href=\"https:\/\/www.disfrutalapalma.com\/de\/cultura\/museo-del-platano-bananenmuseum-2\/\" title=\"Museo del Pl\u00e1tano | Bananenmuseum\">Museo del Pl\u00e1tano | Bananenmuseum<\/a><\/h2><div class=\"post-content\"><div class=\"associated-posts title-full-content\"><\/div><\/div><\/div><div class=\"associated-post\"><h2 class=\"post-title\"><a href=\"https:\/\/www.disfrutalapalma.com\/de\/cultura\/museo-del-puro-palmero-museum-der-palmerischen-zigarre-2\/\" title=\"Museo del Puro Palmero | Museum der palmerischen Zigarre\">Museo del Puro Palmero | Museum der palmerischen Zigarre<\/a><\/h2><div class=\"post-content\"><div class=\"associated-posts title-full-content\"><\/div><\/div><\/div><div class=\"associated-post\"><h2 class=\"post-title\"><a href=\"https:\/\/www.disfrutalapalma.com\/de\/cultura\/museo-del-vino-weinmuseum\/\" title=\"Weinmuseum\">Weinmuseum<\/a><\/h2><div class=\"post-content\"><div class=\"associated-posts title-full-content\"><\/div><\/div><\/div><\/div>\n","protected":false},"excerpt":{"rendered":"<p>Sehensw\u00fcrdigkeitenKunsthandwerkBodegasM\u00e4rkteFesteMuseen La Molina &#8211; Galer\u00eda &#038; Artesan\u00eda &#8211; Galerie &#038; KunsthandwerkBenahoarita \u2013 Museo Arqueol\u00f3gico | Arch\u00e4olog. MuseumMuseo Insular | Inselmuseum La PalmaMuseo de la Fiesta de las Cruzes | Kreuzfest-MuseumMuseo Naval | SchiffsmuseumKunstraum La Palma Galer\u00eda | GalerieMuseo de Seda &hellip; <a href=\"https:\/\/www.disfrutalapalma.com\/de\/kultur-guide\/museen\/\">Weiterlesen <span class=\"meta-nav\">&rarr;<\/span><\/a><\/p>\n","protected":false},"author":3004,"featured_media":0,"parent":4207,"menu_order":183,"comment_status":"closed","ping_status":"closed","template":"","meta":{"_acf_changed":false,"footnotes":""},"class_list":["post-4219","page","type-page","status-publish","hentry"],"acf":[],"_links":{"self":[{"href":"https:\/\/www.disfrutalapalma.com\/de\/wp-json\/wp\/v2\/pages\/4219","targetHints":{"allow":["GET"]}}],"collection":[{"href":"https:\/\/www.disfrutalapalma.com\/de\/wp-json\/wp\/v2\/pages"}],"about":[{"href":"https:\/\/www.disfrutalapalma.com\/de\/wp-json\/wp\/v2\/types\/page"}],"author":[{"embeddable":true,"href":"https:\/\/www.disfrutalapalma.com\/de\/wp-json\/wp\/v2\/users\/3004"}],"replies":[{"embeddable":true,"href":"https:\/\/www.disfrutalapalma.com\/de\/wp-json\/wp\/v2\/comments?post=4219"}],"version-history":[{"count":4,"href":"https:\/\/www.disfrutalapalma.com\/de\/wp-json\/wp\/v2\/pages\/4219\/revisions"}],"predecessor-version":[{"id":7301,"href":"https:\/\/www.disfrutalapalma.com\/de\/wp-json\/wp\/v2\/pages\/4219\/revisions\/7301"}],"up":[{"embeddable":true,"href":"https:\/\/www.disfrutalapalma.com\/de\/wp-json\/wp\/v2\/pages\/4207"}],"wp:attachment":[{"href":"https:\/\/www.disfrutalapalma.com\/de\/wp-json\/wp\/v2\/media?parent=4219"}],"curies":[{"name":"wp","href":"https:\/\/api.w.org\/{rel}","templated":true}]}}