{"id":4211,"date":"2012-07-18T16:39:18","date_gmt":"2012-07-18T15:39:18","guid":{"rendered":"http:\/\/www.disfrutalapalma.com\/?page_id=4211"},"modified":"2012-10-01T01:26:33","modified_gmt":"2012-10-01T00:26:33","slug":"kunsthandwerk","status":"publish","type":"page","link":"https:\/\/www.disfrutalapalma.com\/de\/kultur-guide\/kunsthandwerk\/","title":{"rendered":"Kunsthandwerk"},"content":{"rendered":"<div style=\"border: #CCC 1px solid; padding:10px;margin-bottom:15px;padding-bottom:6px;\"><img loading=\"lazy\" decoding=\"async\" src=\"http:\/\/www.disfrutalapalma.com\/wp-content\/associated-posts\/culturaeintrag1\/interess_aktiv20.gif\" width=\"20\" height=\"20\" alt=\"Lugares de inter\u00e9s\" style=\"margin-right:3px;\"\/>Sehensw\u00fcrdigkeiten<img loading=\"lazy\" decoding=\"async\" src=\"http:\/\/www.disfrutalapalma.com\/wp-content\/associated-posts\/culturaeintrag1\/arte_aktiv20.gif\" width=\"20\" height=\"20\" alt=\"Centros artesan\u00eda\" style=\"margin-right:3px;margin-left:10px;\"\/>Kunsthandwerk<img loading=\"lazy\" decoding=\"async\" src=\"http:\/\/www.disfrutalapalma.com\/wp-content\/associated-posts\/culturaeintrag1\/bodegas_aktiv20.gif\" width=\"20\" height=\"20\" alt=\"Bodegas\" style=\"margin-right:3px;margin-left:10px;\"\/>Bodegas<img loading=\"lazy\" decoding=\"async\" src=\"http:\/\/www.disfrutalapalma.com\/wp-content\/associated-posts\/culturaeintrag1\/mercado_aktiv20.gif\" width=\"20\" height=\"20\" alt=\"Mercadillos\" style=\"margin-right:3px;margin-left:10px;\"\/>M\u00e4rkte<img loading=\"lazy\" decoding=\"async\" src=\"http:\/\/www.disfrutalapalma.com\/wp-content\/associated-posts\/culturaeintrag1\/fiesta_aktiv20.gif\" width=\"20\" height=\"20\" alt=\"Fiestas\" style=\"margin-right:3px;margin-left:10px;\"\/>Feste<img loading=\"lazy\" decoding=\"async\" src=\"http:\/\/www.disfrutalapalma.com\/wp-content\/associated-posts\/culturaeintrag1\/museo_aktiv20.gif\" width=\"20\" height=\"20\" alt=\"Museos\" style=\"margin-right:3px;margin-left:10px;\"\/>Museen\n<\/div>\n<div class=\"associated-posts title-full-content\"><div class=\"associated-post\"><h2 class=\"post-title\"><a href=\"https:\/\/www.disfrutalapalma.com\/de\/cultura\/abc-alke-block-ceramica-keramik-2\/\" title=\"ABC Alke Block Cer\u00e1mica | Keramik\">ABC Alke Block Cer\u00e1mica | Keramik<\/a><\/h2><div class=\"post-content\"><div class=\"associated-posts title-full-content\"><\/div><\/div><\/div><div class=\"associated-post\"><h2 class=\"post-title\"><a href=\"https:\/\/www.disfrutalapalma.com\/de\/cultura\/abora-ceramica-keramik\/\" title=\"Abora Ceramica | Keramik\">Abora Ceramica | Keramik<\/a><\/h2><div class=\"post-content\"><div class=\"associated-posts title-full-content\"><\/div><\/div><\/div><div class=\"associated-post\"><h2 class=\"post-title\"><a href=\"https:\/\/www.disfrutalapalma.com\/de\/cultura\/agroturismo-isla-bonita-kunsthandwerk\/\" title=\"Agroturismo Isla Bonita \u2013 Kunsthandwerk\">Agroturismo Isla Bonita \u2013 Kunsthandwerk<\/a><\/h2><div class=\"post-content\"><div class=\"associated-posts title-full-content\"><\/div><\/div><\/div><div class=\"associated-post\"><h2 class=\"post-title\"><a href=\"https:\/\/www.disfrutalapalma.com\/de\/cultura\/arte-del-mundo\/\" title=\"Arte del Mundo\">Arte del Mundo<\/a><\/h2><div class=\"post-content\"><\/div><\/div><div class=\"associated-post\"><h2 class=\"post-title\"><a href=\"https:\/\/www.disfrutalapalma.com\/de\/cultura\/artefuego-kunstglashutte-2\/\" title=\"Artefuego | Kunstglash\u00fctte\">Artefuego | Kunstglash\u00fctte<\/a><\/h2><div class=\"post-content\"><div class=\"associated-posts title-full-content\"><\/div><\/div><\/div><div class=\"associated-post\"><h2 class=\"post-title\"><a href=\"https:\/\/www.disfrutalapalma.com\/de\/cultura\/arte-lava-2\/\" title=\"ArteLava\">ArteLava<\/a><\/h2><div class=\"post-content\"><\/div><\/div><div class=\"associated-post\"><h2 class=\"post-title\"><a href=\"https:\/\/www.disfrutalapalma.com\/de\/cultura\/artesan%c3%ada-las-nieves\/\" title=\"Artesan\u00eda Las Nieves\">Artesan\u00eda Las Nieves<\/a><\/h2><div class=\"post-content\"><\/div><\/div><div class=\"associated-post\"><h2 class=\"post-title\"><a href=\"https:\/\/www.disfrutalapalma.com\/de\/cultura\/artesan%c3%adas-quatschi\/\" title=\"Artesan\u00edas Quatschi\">Artesan\u00edas Quatschi<\/a><\/h2><div class=\"post-content\"><\/div><\/div><div class=\"associated-post\"><h2 class=\"post-title\"><a href=\"https:\/\/www.disfrutalapalma.com\/de\/cultura\/baraka-artesan%c3%ada-kunsthandwerk-2\/\" title=\"Baraka Artesan\u00eda &#8211; Kunsthandwerk\">Baraka Artesan\u00eda &#8211; Kunsthandwerk<\/a><\/h2><div class=\"post-content\"><\/div><\/div><div class=\"associated-post\"><h2 class=\"post-title\"><a href=\"https:\/\/www.disfrutalapalma.com\/de\/cultura\/camale%c3%b3n-2\/\" title=\"Camale\u00f3n &#8211; Arte y Dise\u00f1o de joyas \/ Kunst und Schmuckdesign\">Camale\u00f3n &#8211; Arte y Dise\u00f1o de joyas \/ Kunst und Schmuckdesign<\/a><\/h2><div class=\"post-content\"><div class=\"associated-posts title-full-content\"><\/div><\/div><\/div><div class=\"associated-post\"><h2 class=\"post-title\"><a href=\"https:\/\/www.disfrutalapalma.com\/de\/cultura\/casa-del-artesano-haus-des-kunsthandwerks-2\/\" title=\"Casa del Artesano | Haus des Kunsthandwerks\">Casa del Artesano | Haus des Kunsthandwerks<\/a><\/h2><div class=\"post-content\"><div class=\"associated-posts title-full-content\"><\/div><\/div><\/div><div class=\"associated-post\"><h2 class=\"post-title\"><a href=\"https:\/\/www.disfrutalapalma.com\/de\/cultura\/casa-del-maestro-meisterhaus-2\/\" title=\"Casa del Maestro | Meisterhaus\">Casa del Maestro | Meisterhaus<\/a><\/h2><div class=\"post-content\"><div class=\"associated-posts title-full-content\"><\/div><\/div><\/div><div class=\"associated-post\"><h2 class=\"post-title\"><a href=\"https:\/\/www.disfrutalapalma.com\/de\/cultura\/casa-del-sol\/\" title=\"Casa del Sol\">Casa del Sol<\/a><\/h2><div class=\"post-content\"><\/div><\/div><div class=\"associated-post\"><h2 class=\"post-title\"><a href=\"https:\/\/www.disfrutalapalma.com\/de\/cultura\/casa-lujan-centro-artesania-kunsthandwerkszentrum-2\/\" title=\"Casa Luj\u00e1n \u2013 Centro Artesan\u00eda | Kunsthandwerkszentrum\">Casa Luj\u00e1n \u2013 Centro Artesan\u00eda | Kunsthandwerkszentrum<\/a><\/h2><div class=\"post-content\"><div class=\"associated-posts title-full-content\"><\/div><\/div><\/div><div class=\"associated-post\"><h2 class=\"post-title\"><a href=\"https:\/\/www.disfrutalapalma.com\/de\/cultura\/centro-artesan%c3%ada-kunsthandwerkszentrum-tijarafetinizara\/\" title=\"Centro Artesan\u00eda El Local (Kunsthandwerkszentrum) Tijarafe\/Tinizara\">Centro Artesan\u00eda El Local (Kunsthandwerkszentrum) Tijarafe\/Tinizara<\/a><\/h2><div class=\"post-content\"><\/div><\/div><div class=\"associated-post\"><h2 class=\"post-title\"><a href=\"https:\/\/www.disfrutalapalma.com\/de\/cultura\/centro-artesania-kunsthandwerkszentrum-fuencaliente\/\" title=\"Centro Artesan\u00eda | Kunsthandwerkszentrum Fuencaliente\">Centro Artesan\u00eda | Kunsthandwerkszentrum Fuencaliente<\/a><\/h2><div class=\"post-content\"><div class=\"associated-posts title-full-content\"><\/div><\/div><\/div><div class=\"associated-post\"><h2 class=\"post-title\"><a href=\"https:\/\/www.disfrutalapalma.com\/de\/cultura\/ceva-cabildo-insular-stadt-kunsthandwerkverkauf\/\" title=\"CEVA Cabildo Insular | St\u00e4dt. Kunsthandwerkverkauf\">CEVA Cabildo Insular | St\u00e4dt. Kunsthandwerkverkauf<\/a><\/h2><div class=\"post-content\"><\/div><\/div><div class=\"associated-post\"><h2 class=\"post-title\"><a href=\"https:\/\/www.disfrutalapalma.com\/de\/cultura\/ceva-cabildo-insular-stadt-kunsthandwerkverkauf-2-2\/\" title=\"CEVA Cabildo Insular | St\u00e4dt. Kunsthandwerkverkauf\">CEVA Cabildo Insular | St\u00e4dt. Kunsthandwerkverkauf<\/a><\/h2><div class=\"post-content\"><div class=\"associated-posts title-full-content\"><\/div><\/div><\/div><div class=\"associated-post\"><h2 class=\"post-title\"><a href=\"https:\/\/www.disfrutalapalma.com\/de\/cultura\/ceva-cabildo-insular-stadt-kunsthandwerkverkauf-3\/\" title=\"CEVA Cabildo Insular | St\u00e4dt. Kunsthandwerkverkauf\">CEVA Cabildo Insular | St\u00e4dt. Kunsthandwerkverkauf<\/a><\/h2><div class=\"post-content\"><\/div><\/div><div class=\"associated-post\"><h2 class=\"post-title\"><a href=\"https:\/\/www.disfrutalapalma.com\/de\/cultura\/manos-arriba-galeria-de-artesano-kunsthandwerksgalerie-2\/\" title=\"deliarte &#038; Manos Arriba \u2013 Taller de piel y tienda de artesan\u00eda | Lederwerkstatt &#038; Kunsthandwerksladen\">deliarte &#038; Manos Arriba \u2013 Taller de piel y tienda de artesan\u00eda | Lederwerkstatt &#038; Kunsthandwerksladen<\/a><\/h2><div class=\"post-content\"><\/div><\/div><div class=\"associated-post\"><h2 class=\"post-title\"><a href=\"https:\/\/www.disfrutalapalma.com\/de\/cultura\/el-rinc%c3%b3n-palmero\/\" title=\"El Rinc\u00f3n Palmero\">El Rinc\u00f3n Palmero<\/a><\/h2><div class=\"post-content\"><\/div><\/div><div class=\"associated-post\"><h2 class=\"post-title\"><a href=\"https:\/\/www.disfrutalapalma.com\/de\/cultura\/escuela-insular-de-artesania-inselschule-fur-kunsthandwerk-2\/\" title=\"Escuela Insular de Artesan\u00eda | Inselschule f\u00fcr Kunsthandwerk\">Escuela Insular de Artesan\u00eda | Inselschule f\u00fcr Kunsthandwerk<\/a><\/h2><div class=\"post-content\"><div class=\"associated-posts title-full-content\"><\/div><\/div><\/div><div class=\"associated-post\"><h2 class=\"post-title\"><a href=\"https:\/\/www.disfrutalapalma.com\/de\/cultura\/galer%c3%ada-de-arte-garc%c3%ada-de-diego-kunstgalerie-2\/\" title=\"Galer\u00eda de Arte Garc\u00eda de Diego &#8211; Kunstgalerie\">Galer\u00eda de Arte Garc\u00eda de Diego &#8211; Kunstgalerie<\/a><\/h2><div class=\"post-content\"><\/div><\/div><div class=\"associated-post\"><h2 class=\"post-title\"><a href=\"https:\/\/www.disfrutalapalma.com\/de\/cultura\/galer%c3%ada-galerie-avenida-17-2\/\" title=\"Galer\u00eda | Galerie Avenida 17\">Galer\u00eda | Galerie Avenida 17<\/a><\/h2><div class=\"post-content\"><\/div><\/div><div class=\"associated-post\"><h2 class=\"post-title\"><a href=\"https:\/\/www.disfrutalapalma.com\/de\/cultura\/galer%c3%ada-galerie-kunstraum-la-palma\/\" title=\"Galer\u00eda | Galerie Kunstraum La Palma\">Galer\u00eda | Galerie Kunstraum La Palma<\/a><\/h2><div class=\"post-content\"><\/div><\/div><div class=\"associated-post\"><h2 class=\"post-title\"><a href=\"https:\/\/www.disfrutalapalma.com\/de\/cultura\/gecko-artesan%c3%ada\/\" title=\"Gecko Artesan\u00eda\">Gecko Artesan\u00eda<\/a><\/h2><div class=\"post-content\"><\/div><\/div><div class=\"associated-post\"><h2 class=\"post-title\"><a href=\"https:\/\/www.disfrutalapalma.com\/de\/cultura\/hechoenlapalma\/\" title=\"HECHOENLAPALMA\">HECHOENLAPALMA<\/a><\/h2><div class=\"post-content\"><\/div><\/div><div class=\"associated-post\"><h2 class=\"post-title\"><a href=\"https:\/\/www.disfrutalapalma.com\/de\/cultura\/%c3%acndigo-moda-y-artesan%c3%ada\/\" title=\"\u00ccndigo Moda y Artesan\u00eda\">\u00ccndigo Moda y Artesan\u00eda<\/a><\/h2><div class=\"post-content\"><\/div><\/div><div class=\"associated-post\"><h2 class=\"post-title\"><a href=\"https:\/\/www.disfrutalapalma.com\/de\/cultura\/la-carniceria-centro-artesania-kunsthandwerkszentrum\/\" title=\"La Carnicer\u00eda \u2013 Centro Artesan\u00eda | Kunsthandwerkszentrum\">La Carnicer\u00eda \u2013 Centro Artesan\u00eda | Kunsthandwerkszentrum<\/a><\/h2><div class=\"post-content\"><div class=\"associated-posts title-full-content\"><\/div><\/div><\/div><div class=\"associated-post\"><h2 class=\"post-title\"><a href=\"https:\/\/www.disfrutalapalma.com\/de\/cultura\/la-destiladera-centro-artesania-kunsthandwerkszentrum-2\/\" title=\"La Destiladera \u2013 Centro Artesan\u00eda | Kunsthandwerkszentrum\">La Destiladera \u2013 Centro Artesan\u00eda | Kunsthandwerkszentrum<\/a><\/h2><div class=\"post-content\"><div class=\"associated-posts title-full-content\"><\/div><\/div><\/div><div class=\"associated-post\"><h2 class=\"post-title\"><a href=\"https:\/\/www.disfrutalapalma.com\/de\/cultura\/la-molina-galer%c3%ada-artesan%c3%ada-galerie-kunsthandwerk\/\" title=\"La Molina &#8211; Galer\u00eda &#038; Artesan\u00eda &#8211; Galerie &#038; Kunsthandwerk\">La Molina &#8211; Galer\u00eda &#038; Artesan\u00eda &#8211; Galerie &#038; Kunsthandwerk<\/a><\/h2><div class=\"post-content\"><\/div><\/div><div class=\"associated-post\"><h2 class=\"post-title\"><a href=\"https:\/\/www.disfrutalapalma.com\/de\/cultura\/taller-de-cuero-lederwerkstatt\/\" title=\"La Palmerita &#8211; Taller de Cuero | Lederwerkstatt\">La Palmerita &#8211; Taller de Cuero | Lederwerkstatt<\/a><\/h2><div class=\"post-content\"><\/div><\/div><div class=\"associated-post\"><h2 class=\"post-title\"><a href=\"https:\/\/www.disfrutalapalma.com\/de\/cultura\/la-tahona-asociacion-de-artesanos-kunsthandwerksvereinigung\/\" title=\"La Tahona \u2013 Artesan\u00eda | Kunsthandwerk\">La Tahona \u2013 Artesan\u00eda | Kunsthandwerk<\/a><\/h2><div class=\"post-content\"><div class=\"associated-posts title-full-content\"><\/div><\/div><\/div><div class=\"associated-post\"><h2 class=\"post-title\"><a href=\"https:\/\/www.disfrutalapalma.com\/de\/cultura\/laguna-barlovento-centro-artesania-kunsthandwerkszentrum-2\/\" title=\"Laguna Barlovento &#8211; Artesan\u00eda | Kunsthandwerk\">Laguna Barlovento &#8211; Artesan\u00eda | Kunsthandwerk<\/a><\/h2><div class=\"post-content\"><div class=\"associated-posts title-full-content\"><\/div><\/div><\/div><div class=\"associated-post\"><h2 class=\"post-title\"><a href=\"https:\/\/www.disfrutalapalma.com\/de\/cultura\/las-nieves-artesania-kunsthandwerk-2\/\" title=\"Las Nieves Artesan\u00eda | Kunsthandwerk\">Las Nieves Artesan\u00eda | Kunsthandwerk<\/a><\/h2><div class=\"post-content\"><div class=\"associated-posts title-full-content\"><\/div><\/div><\/div><div class=\"associated-post\"><h2 class=\"post-title\"><a href=\"https:\/\/www.disfrutalapalma.com\/de\/cultura\/las-tierras-taller-de-artesania-werkstatt-fur-kunsthandwerk\/\" title=\"Las Tierras \u2013 Artesan\u00eda | Kunsthandwerk\">Las Tierras \u2013 Artesan\u00eda | Kunsthandwerk<\/a><\/h2><div class=\"post-content\"><div class=\"associated-posts title-full-content\"><\/div><\/div><\/div><div class=\"associated-post\"><h2 class=\"post-title\"><a href=\"https:\/\/www.disfrutalapalma.com\/de\/cultura\/lava-cristina-joyas-de-lava-lavaschmuck\/\" title=\"Lava Cristina &#8211; Joyas de lava | Lavaschmuck\">Lava Cristina &#8211; Joyas de lava | Lavaschmuck<\/a><\/h2><div class=\"post-content\"><\/div><\/div><div class=\"associated-post\"><h2 class=\"post-title\"><a href=\"https:\/\/www.disfrutalapalma.com\/de\/cultura\/ma-neolida-trajes-tradicionales-traditionelle-kleidung\/\" title=\"Ma Ne\u00f3lida \u2013 Trajes tradicionales | Traditionelle Kleidung\">Ma Ne\u00f3lida \u2013 Trajes tradicionales | Traditionelle Kleidung<\/a><\/h2><div class=\"post-content\"><div class=\"associated-posts title-full-content\"><\/div><\/div><\/div><div class=\"associated-post\"><h2 class=\"post-title\"><a href=\"https:\/\/www.disfrutalapalma.com\/de\/cultura\/palmapur-licores-lik%c3%b6re\/\" title=\"PALMAPUR Licores | Lik\u00f6re\">PALMAPUR Licores | Lik\u00f6re<\/a><\/h2><div class=\"post-content\"><\/div><\/div><div class=\"associated-post\"><h2 class=\"post-title\"><a href=\"https:\/\/www.disfrutalapalma.com\/de\/cultura\/puros-artesanos-julio-s-l\/\" title=\"Puros Artesanos Julio &#8211; Manufactura de tabaco \/ Zigarrenmanufaktur\">Puros Artesanos Julio &#8211; Manufactura de tabaco \/ Zigarrenmanufaktur<\/a><\/h2><div class=\"post-content\"><\/div><\/div><div class=\"associated-post\"><h2 class=\"post-title\"><a href=\"https:\/\/www.disfrutalapalma.com\/de\/cultura\/puros-el-mago-manufactura-de-tobaco-zigarrenmanufaktur\/\" title=\"Puros El Mago \u2013 Manufactura de tobaco | Zigarrenmanufaktur\">Puros El Mago \u2013 Manufactura de tobaco | Zigarrenmanufaktur<\/a><\/h2><div class=\"post-content\"><div class=\"associated-posts title-full-content\"><\/div><\/div><\/div><div class=\"associated-post\"><h2 class=\"post-title\"><a href=\"https:\/\/www.disfrutalapalma.com\/de\/cultura\/puros-richard-manufactura-de-tobaco-zigarrenmanufaktur-2\/\" title=\"Puros Richard \u2013 Manufactura de tobaco | Zigarrenmanufaktur\">Puros Richard \u2013 Manufactura de tobaco | Zigarrenmanufaktur<\/a><\/h2><div class=\"post-content\"><div class=\"associated-posts title-full-content\"><\/div><\/div><\/div><div class=\"associated-post\"><h2 class=\"post-title\"><a href=\"https:\/\/www.disfrutalapalma.com\/de\/cultura\/ramon-y-vina-ceramica-keramik\/\" title=\"Ram\u00f3n y Vina Ceramica | Keramik\">Ram\u00f3n y Vina Ceramica | Keramik<\/a><\/h2><div class=\"post-content\"><div class=\"associated-posts title-full-content\"><\/div><\/div><\/div><div class=\"associated-post\"><h2 class=\"post-title\"><a href=\"https:\/\/www.disfrutalapalma.com\/de\/cultura\/sabores-y-recuerdos-artesania-kunsthandwerk-2\/\" title=\"Sabores y Recuerdos Artesan\u00eda | Kunsthandwerk\">Sabores y Recuerdos Artesan\u00eda | Kunsthandwerk<\/a><\/h2><div class=\"post-content\"><div class=\"associated-posts title-full-content\"><\/div><\/div><\/div><div class=\"associated-post\"><h2 class=\"post-title\"><a href=\"https:\/\/www.disfrutalapalma.com\/de\/cultura\/san-lupe-artesania-kunsthandwerk\/\" title=\"Sanlupe Artesan\u00eda | Kunsthandwerk\">Sanlupe Artesan\u00eda | Kunsthandwerk<\/a><\/h2><div class=\"post-content\"><\/div><\/div><div class=\"associated-post\"><h2 class=\"post-title\"><a href=\"https:\/\/www.disfrutalapalma.com\/de\/cultura\/san-lupe-artesania-kunsthandwerk-2\/\" title=\"Sanlupe Artesan\u00eda | Kunsthandwerk\">Sanlupe Artesan\u00eda | Kunsthandwerk<\/a><\/h2><div class=\"post-content\"><\/div><\/div><div class=\"associated-post\"><h2 class=\"post-title\"><a href=\"https:\/\/www.disfrutalapalma.com\/de\/cultura\/san-lupe-artesania-kunsthandwerk-3\/\" title=\"Sanlupe Artesan\u00eda | Kunsthandwerk\">Sanlupe Artesan\u00eda | Kunsthandwerk<\/a><\/h2><div class=\"post-content\"><\/div><\/div><div class=\"associated-post\"><h2 class=\"post-title\"><a href=\"https:\/\/www.disfrutalapalma.com\/de\/cultura\/san-lupe-artesania-kunsthandwerk-4\/\" title=\"Sanlupe Artesan\u00eda | Kunsthandwerk\">Sanlupe Artesan\u00eda | Kunsthandwerk<\/a><\/h2><div class=\"post-content\"><\/div><\/div><div class=\"associated-post\"><h2 class=\"post-title\"><a href=\"https:\/\/www.disfrutalapalma.com\/de\/cultura\/joyas-de-cristal-glasschmuck\/\" title=\"Taller de joyas de cristal | Glasschmuck-Werkstatt\">Taller de joyas de cristal | Glasschmuck-Werkstatt<\/a><\/h2><div class=\"post-content\"><\/div><\/div><div class=\"associated-post\"><h2 class=\"post-title\"><a href=\"https:\/\/www.disfrutalapalma.com\/de\/cultura\/volc%c3%a1n-verde-joyas-%c3%banicas-edler-schmuck\/\" title=\"Volc\u00e1n Verde &#8211; Joyas \u00fanicas | Edler Schmuck\">Volc\u00e1n Verde &#8211; Joyas \u00fanicas | Edler Schmuck<\/a><\/h2><div class=\"post-content\"><\/div><\/div><div class=\"associated-post\"><h2 class=\"post-title\"><a href=\"https:\/\/www.disfrutalapalma.com\/de\/cultura\/watermelon\/\" title=\"Watermelon\">Watermelon<\/a><\/h2><div class=\"post-content\"><\/div><\/div><\/div>\n","protected":false},"excerpt":{"rendered":"<p>Sehensw\u00fcrdigkeitenKunsthandwerkBodegasM\u00e4rkteFesteMuseen ABC Alke Block Cer\u00e1mica | KeramikAbora Ceramica | KeramikAgroturismo Isla Bonita \u2013 KunsthandwerkArte del MundoArtefuego | Kunstglash\u00fctteArteLavaArtesan\u00eda Las NievesArtesan\u00edas QuatschiBaraka Artesan\u00eda &#8211; KunsthandwerkCamale\u00f3n &#8211; Arte y Dise\u00f1o de joyas \/ Kunst und SchmuckdesignCasa del Artesano | Haus des KunsthandwerksCasa &hellip; <a href=\"https:\/\/www.disfrutalapalma.com\/de\/kultur-guide\/kunsthandwerk\/\">Weiterlesen <span class=\"meta-nav\">&rarr;<\/span><\/a><\/p>\n","protected":false},"author":3004,"featured_media":0,"parent":4207,"menu_order":171,"comment_status":"closed","ping_status":"closed","template":"","meta":{"_acf_changed":false,"footnotes":""},"class_list":["post-4211","page","type-page","status-publish","hentry"],"acf":[],"_links":{"self":[{"href":"https:\/\/www.disfrutalapalma.com\/de\/wp-json\/wp\/v2\/pages\/4211","targetHints":{"allow":["GET"]}}],"collection":[{"href":"https:\/\/www.disfrutalapalma.com\/de\/wp-json\/wp\/v2\/pages"}],"about":[{"href":"https:\/\/www.disfrutalapalma.com\/de\/wp-json\/wp\/v2\/types\/page"}],"author":[{"embeddable":true,"href":"https:\/\/www.disfrutalapalma.com\/de\/wp-json\/wp\/v2\/users\/3004"}],"replies":[{"embeddable":true,"href":"https:\/\/www.disfrutalapalma.com\/de\/wp-json\/wp\/v2\/comments?post=4211"}],"version-history":[{"count":7,"href":"https:\/\/www.disfrutalapalma.com\/de\/wp-json\/wp\/v2\/pages\/4211\/revisions"}],"predecessor-version":[{"id":7293,"href":"https:\/\/www.disfrutalapalma.com\/de\/wp-json\/wp\/v2\/pages\/4211\/revisions\/7293"}],"up":[{"embeddable":true,"href":"https:\/\/www.disfrutalapalma.com\/de\/wp-json\/wp\/v2\/pages\/4207"}],"wp:attachment":[{"href":"https:\/\/www.disfrutalapalma.com\/de\/wp-json\/wp\/v2\/media?parent=4211"}],"curies":[{"name":"wp","href":"https:\/\/api.w.org\/{rel}","templated":true}]}}