{"id":4209,"date":"2012-07-18T16:38:19","date_gmt":"2012-07-18T15:38:19","guid":{"rendered":"http:\/\/www.disfrutalapalma.com\/?page_id=4209"},"modified":"2012-10-01T01:23:52","modified_gmt":"2012-10-01T00:23:52","slug":"sehensw%c3%bcrdigkeiten","status":"publish","type":"page","link":"https:\/\/www.disfrutalapalma.com\/de\/kultur-guide\/sehensw%c3%bcrdigkeiten\/","title":{"rendered":"Sehensw\u00fcrdigkeiten"},"content":{"rendered":"<div style=\"border: #CCC 1px solid; padding:10px;margin-bottom:15px;padding-bottom:6px;\"><img loading=\"lazy\" decoding=\"async\" src=\"http:\/\/www.disfrutalapalma.com\/wp-content\/associated-posts\/culturaeintrag1\/interess_aktiv20.gif\" width=\"20\" height=\"20\" alt=\"Lugares de inter\u00e9s\" style=\"margin-right:3px;\"\/>Sehensw\u00fcrdigkeiten<img loading=\"lazy\" decoding=\"async\" src=\"http:\/\/www.disfrutalapalma.com\/wp-content\/associated-posts\/culturaeintrag1\/arte_aktiv20.gif\" width=\"20\" height=\"20\" alt=\"Centros artesan\u00eda\" style=\"margin-right:3px;margin-left:10px;\"\/>Kunsthandwerk<img loading=\"lazy\" decoding=\"async\" src=\"http:\/\/www.disfrutalapalma.com\/wp-content\/associated-posts\/culturaeintrag1\/bodegas_aktiv20.gif\" width=\"20\" height=\"20\" alt=\"Bodegas\" style=\"margin-right:3px;margin-left:10px;\"\/>Bodegas<img loading=\"lazy\" decoding=\"async\" src=\"http:\/\/www.disfrutalapalma.com\/wp-content\/associated-posts\/culturaeintrag1\/mercado_aktiv20.gif\" width=\"20\" height=\"20\" alt=\"Mercadillos\" style=\"margin-right:3px;margin-left:10px;\"\/>M\u00e4rkte<img loading=\"lazy\" decoding=\"async\" src=\"http:\/\/www.disfrutalapalma.com\/wp-content\/associated-posts\/culturaeintrag1\/fiesta_aktiv20.gif\" width=\"20\" height=\"20\" alt=\"Fiestas\" style=\"margin-right:3px;margin-left:10px;\"\/>Feste<img loading=\"lazy\" decoding=\"async\" src=\"http:\/\/www.disfrutalapalma.com\/wp-content\/associated-posts\/culturaeintrag1\/museo_aktiv20.gif\" width=\"20\" height=\"20\" alt=\"Museos\" style=\"margin-right:3px;margin-left:10px;\"\/>Museen\n<\/div>\n<div class=\"associated-posts title-full-content\"><div class=\"associated-post\"><h2 class=\"post-title\"><a href=\"https:\/\/www.disfrutalapalma.com\/de\/cultura\/autarca-centro-de-vida-ecologica-zentrum-f%c3%bcr-%c3%b6kologische-lebensf%c3%bchrung\/\" title=\"Autarca\">Autarca<\/a><\/h2><div class=\"post-content\"><\/div><\/div><div class=\"associated-post\"><h2 class=\"post-title\"><a href=\"https:\/\/www.disfrutalapalma.com\/de\/cultura\/belmaco-parque-arqueologico-archaologischer-park\/\" title=\"Belmaco &#8211; Parque Arqueol\u00f3gico \/ Arch\u00e4ologischer Park\">Belmaco &#8211; Parque Arqueol\u00f3gico \/ Arch\u00e4ologischer Park<\/a><\/h2><div class=\"post-content\"><\/div><\/div><div class=\"associated-post\"><h2 class=\"post-title\"><a href=\"https:\/\/www.disfrutalapalma.com\/de\/cultura\/grabados-rupestres-felszeichnungen-tigalate-hondo\/\" title=\"Grabados rupestres | Felszeichnungen Tigalate Hondo\">Grabados rupestres | Felszeichnungen Tigalate Hondo<\/a><\/h2><div class=\"post-content\"><div class=\"associated-posts title-full-content\"><\/div><\/div><\/div><div class=\"associated-post\"><h2 class=\"post-title\"><a href=\"https:\/\/www.disfrutalapalma.com\/de\/cultura\/grabados-rupestres-felszeichnungen-el-tendal\/\" title=\"Grabados rupestres | Felszeichnungen El Tendal\">Grabados rupestres | Felszeichnungen El Tendal<\/a><\/h2><div class=\"post-content\"><div class=\"associated-posts title-full-content\"><\/div><\/div><\/div><div class=\"associated-post\"><h2 class=\"post-title\"><a href=\"https:\/\/www.disfrutalapalma.com\/de\/cultura\/la-zarza-parque-cultural-kulturpark-2\/\" title=\"La Zarza \u2013 Parque Cultural | Kulturpark\">La Zarza \u2013 Parque Cultural | Kulturpark<\/a><\/h2><div class=\"post-content\"><div class=\"associated-posts title-full-content\"><\/div><\/div><\/div><div class=\"associated-post\"><h2 class=\"post-title\"><a href=\"https:\/\/www.disfrutalapalma.com\/de\/cultura\/roque-teneguia-zona-arqueologica-archaologischer-park\/\" title=\"Roque Tenegu\u00eda \u2013 Zona arqueol\u00f3gica | Arch\u00e4ologischer Park\">Roque Tenegu\u00eda \u2013 Zona arqueol\u00f3gica | Arch\u00e4ologischer Park<\/a><\/h2><div class=\"post-content\"><div class=\"associated-posts title-full-content\"><\/div><\/div><\/div><div class=\"associated-post\"><h2 class=\"post-title\"><a href=\"https:\/\/www.disfrutalapalma.com\/de\/cultura\/centro-de-interpretacion-de-la-reserva-marina-meeresschutzzentrum-2\/\" title=\"Centro de Interpretaci\u00f3n | Meeresschutzzentrum\">Centro de Interpretaci\u00f3n | Meeresschutzzentrum<\/a><\/h2><div class=\"post-content\"><div class=\"associated-posts title-full-content\"><\/div><\/div><\/div><\/div>\n","protected":false},"excerpt":{"rendered":"<p>Sehensw\u00fcrdigkeitenKunsthandwerkBodegasM\u00e4rkteFesteMuseen AutarcaBelmaco &#8211; Parque Arqueol\u00f3gico \/ Arch\u00e4ologischer ParkGrabados rupestres | Felszeichnungen Tigalate HondoGrabados rupestres | Felszeichnungen El TendalLa Zarza \u2013 Parque Cultural | KulturparkRoque Tenegu\u00eda \u2013 Zona arqueol\u00f3gica | Arch\u00e4ologischer ParkCentro de Interpretaci\u00f3n | Meeresschutzzentrum<\/p>\n","protected":false},"author":3004,"featured_media":0,"parent":4207,"menu_order":211,"comment_status":"closed","ping_status":"closed","template":"","meta":{"_acf_changed":false,"footnotes":""},"class_list":["post-4209","page","type-page","status-publish","hentry"],"acf":[],"_links":{"self":[{"href":"https:\/\/www.disfrutalapalma.com\/de\/wp-json\/wp\/v2\/pages\/4209","targetHints":{"allow":["GET"]}}],"collection":[{"href":"https:\/\/www.disfrutalapalma.com\/de\/wp-json\/wp\/v2\/pages"}],"about":[{"href":"https:\/\/www.disfrutalapalma.com\/de\/wp-json\/wp\/v2\/types\/page"}],"author":[{"embeddable":true,"href":"https:\/\/www.disfrutalapalma.com\/de\/wp-json\/wp\/v2\/users\/3004"}],"replies":[{"embeddable":true,"href":"https:\/\/www.disfrutalapalma.com\/de\/wp-json\/wp\/v2\/comments?post=4209"}],"version-history":[{"count":4,"href":"https:\/\/www.disfrutalapalma.com\/de\/wp-json\/wp\/v2\/pages\/4209\/revisions"}],"predecessor-version":[{"id":7291,"href":"https:\/\/www.disfrutalapalma.com\/de\/wp-json\/wp\/v2\/pages\/4209\/revisions\/7291"}],"up":[{"embeddable":true,"href":"https:\/\/www.disfrutalapalma.com\/de\/wp-json\/wp\/v2\/pages\/4207"}],"wp:attachment":[{"href":"https:\/\/www.disfrutalapalma.com\/de\/wp-json\/wp\/v2\/media?parent=4209"}],"curies":[{"name":"wp","href":"https:\/\/api.w.org\/{rel}","templated":true}]}}