{"id":386,"date":"2011-09-24T14:23:36","date_gmt":"2011-09-24T13:23:36","guid":{"rendered":"http:\/\/www.disfrutalapalma.com\/?page_id=386"},"modified":"2019-12-20T08:08:48","modified_gmt":"2019-12-20T07:08:48","slug":"informacion-general","status":"publish","type":"page","link":"https:\/\/www.disfrutalapalma.com\/de\/revista\/informacion-general\/","title":{"rendered":"Allgemeine Informationen"},"content":{"rendered":"<div style=\"width: 640px; border-bottom: thin; border-bottom-color: #000; border-bottom-style: solid; border-top: thin; border-top-color: #000; border-top-style: solid; padding-top: 5px; padding-bottom: 7px; font-size: 24px; font-weight: bold; color: #000; margin-bottom: 15px;\">Verlagsangaben<\/div>\n<table style=\"padding-left: 0; margin-bottom: 30px;\" width=\"640\" border=\"none\" cellspacing=\"6\" cellpadding=\"0\">\n<tbody>\n<tr>\n<td style=\"font-weight: bold; font-size: 12px; margin-left: 0;\" valign=\"top\" width=\"180\">Verlag<\/td>\n<td style=\"font-size: 12px; line-height: 14px;\" width=\"460\"><span style=\"font-weight: bold;\">\u00a1DISFRUTA! La Palma<\/span><br \/>\nC\/Pedro Miguel Hern\u00e1ndez Camacho, 44<br \/>\nES-38760 Los Llanos de Aridane \/ Triana, Isla de La Palma<br \/>\nProvincia de S\/C de Tenerife, Espa\u00f1a<\/td>\n<\/tr>\n<tr>\n<td style=\"height:9px\"><\/td>\n<td style=\"height:9px\"><\/td>\n<\/tr>\n<tr>\n<td style=\"font-weight: bold; font-size: 12px; margin-left: 0;\" valign=\"top\">E-Mail<\/td>\n<td style=\"font-size: 12px; line-height: 14px;\"><a href=\"mailto:info@disfrutaLaPalma.com\">info@disfrutaLaPalma.com<\/a><\/td>\n<\/tr>\n<tr>\n<td style=\"height:9px\"><\/td>\n<td style=\"height:9px\"><\/td>\n<\/tr>\n<tr>\n<td style=\"font-weight: bold; font-size: 12px; margin-left: 0;\" valign=\"top\">Telefon<\/td>\n<td style=\"font-size: 12px; line-height: 14px;\">922 48 53 03<br \/>(Da das Sekretariat nicht durchgehend besetzt ist, kann es vorkommen, dass sich der Anrufbeantworter einschaltet. Bitte rufen Sie in solch einem Fall Uwe S. Meschede direkt an. Wir bitten um Ihr Verst\u00e4ndnis.)<\/td>\n<\/tr>\n<tr>\n<td style=\"height:9px\"><\/td>\n<td style=\"height:9px\"><\/td>\n<\/tr>\n<tr>\n<td style=\"font-weight: bold; font-size: 12px; margin-left: 0;\" valign=\"top\">Anzeigenannahme<\/td>\n<td style=\"font-size: 12px; line-height: 14px;\">Uwe S. Meschede, Tel. 655 33 07 04<br \/>\n<a href=\"mailto:info@disfrutaLaPalma.com\">info@disfrutaLaPalma.com<\/a><\/td>\n<\/tr>\n<tr>\n<td style=\"height:9px\"><\/td>\n<td style=\"height:9px\"><\/td>\n<\/tr>\n<tr>\n<td style=\"font-weight: bold; font-size: 12px; margin-left: 0;\" valign=\"top\">Zahlungsbedingungen<\/td>\n<td style=\"font-size: 12px; line-height: 14px;\">Rechnungen sind vor dem jeweiligen Anzeigenschlusstermin f\u00e4llig.<\/td>\n<\/tr>\n<tr>\n<td style=\"height:9px\"><\/td>\n<td style=\"height:9px\"><\/td>\n<\/tr>\n<tr>\n<td style=\"font-weight: bold; font-size: 12px; margin-left: 0;\" valign=\"top\">Gesch\u00e4ftsbedingungen<\/td>\n<td style=\"font-size: 12px; line-height: 14px;\">F\u00fcr die Abwicklung von Auftr\u00e4gen gelten die Zahlungs- und Gesch\u00e4ftsbedingungen, die beim Verlag zu beziehen oder <a href=\"https:\/\/www.disfrutalapalma.com\/de\/revista\/allg-gesch\u00e4ftsbedingungen\/\" target=\"_blank\">HIER<\/a> einzusehen sind.<\/td>\n<\/tr>\n<\/tbody>\n<\/table>\n<div style=\"width: 640px; border-bottom: thin; border-bottom-color: #000; border-bottom-style: solid; border-top: thin; border-top-color: #000; border-top-style: solid; padding-top: 5px; padding-bottom: 7px; font-size: 24px; font-weight: bold; color: #000; margin-bottom: 15px;\">Grafik Design \/ Werbemittel-Gestaltung<\/div>\n<table style=\"padding-left: 0; margin-bottom: 30px;\" width=\"640\" border=\"none\" cellspacing=\"0\" cellpadding=\"none\">\n<tbody>\n<tr>\n<td style=\"font-weight: bold; font-size: 12px; margin-left: 0; line-height: 14px;\" valign=\"top\" width=\"180\">Grafik Design<\/td>\n<td style=\"font-size: 12px; line-height: 14px;\" width=\"460\">Auf Wunsch gestalten wir Ihre Anzeigen und Banner inklusive Fotografie, Texte, Scans, Proofs (An-\/Probedrucke) etc.<\/td>\n<\/tr>\n<tr>\n<td style=\"height:9px\"><\/td>\n<td style=\"height:9px\"><\/td>\n<\/tr>\n<tr>\n<td style=\"font-weight: bold; font-size: 12px; margin-left: 0; line-height: 14px;\" valign=\"top\">Sonstige Werbung<\/td>\n<td style=\"font-size: 12px; line-height: 14px;\">Zus\u00e4tzlich zu Ihrer Werbung in <span style=\"font-style: italic;\">\u00a1DISFRUTA! La Palma<\/span> gestalten wir f\u00fcr Sie auch Ihre weitere Werbung wie Webseiten, Prospekte, Flyer, Poster, Anzeigen etc. Wir beraten Sie gern &#8211; vom Werbekonzept bis zur Umsetzung Ihrer Werbemittel.<\/td>\n<\/tr>\n<tr>\n<td style=\"height:9px\"><\/td>\n<td style=\"height:9px\"><\/td>\n<\/tr>\n<tr>\n<td style=\"font-weight: bold; font-size: 12px; margin-left: 0; line-height: 14px;\" valign=\"top\">Fotografie<\/td>\n<td style=\"font-size: 12px; line-height: 14px;\">Unser Magazin ist bekannt f\u00fcr seine hochwertige und au\u00dfergew\u00f6hnliche Fotografie. Wenn Sie gern f\u00fcr Ihr Unternehmen, Ihre Produkte oder auch f\u00fcr sich privat ebenso exklusive Fotos h\u00e4tten, sprechen Sie uns bitte an: <br \/>Uwe S. Meschede, Mobil 655 33 07 04. <\/td>\n<\/tr>\n<\/tbody>\n<\/table>\n<div class=\"associated-posts title-full-content\"><\/div>\n","protected":false},"excerpt":{"rendered":"<p>Verlagsangaben Verlag \u00a1DISFRUTA! La Palma C\/Pedro Miguel Hern\u00e1ndez Camacho, 44 ES-38760 Los Llanos de Aridane \/ Triana, Isla de La Palma Provincia de S\/C de Tenerife, Espa\u00f1a E-Mail info@disfrutaLaPalma.com Telefon 922 48 53 03(Da das Sekretariat nicht durchgehend besetzt ist, &hellip; <a href=\"https:\/\/www.disfrutalapalma.com\/de\/revista\/informacion-general\/\">Weiterlesen <span class=\"meta-nav\">&rarr;<\/span><\/a><\/p>\n","protected":false},"author":3004,"featured_media":0,"parent":380,"menu_order":16,"comment_status":"closed","ping_status":"closed","template":"","meta":{"_acf_changed":false,"footnotes":""},"class_list":["post-386","page","type-page","status-publish","hentry"],"acf":[],"_links":{"self":[{"href":"https:\/\/www.disfrutalapalma.com\/de\/wp-json\/wp\/v2\/pages\/386","targetHints":{"allow":["GET"]}}],"collection":[{"href":"https:\/\/www.disfrutalapalma.com\/de\/wp-json\/wp\/v2\/pages"}],"about":[{"href":"https:\/\/www.disfrutalapalma.com\/de\/wp-json\/wp\/v2\/types\/page"}],"author":[{"embeddable":true,"href":"https:\/\/www.disfrutalapalma.com\/de\/wp-json\/wp\/v2\/users\/3004"}],"replies":[{"embeddable":true,"href":"https:\/\/www.disfrutalapalma.com\/de\/wp-json\/wp\/v2\/comments?post=386"}],"version-history":[{"count":12,"href":"https:\/\/www.disfrutalapalma.com\/de\/wp-json\/wp\/v2\/pages\/386\/revisions"}],"predecessor-version":[{"id":28582,"href":"https:\/\/www.disfrutalapalma.com\/de\/wp-json\/wp\/v2\/pages\/386\/revisions\/28582"}],"up":[{"embeddable":true,"href":"https:\/\/www.disfrutalapalma.com\/de\/wp-json\/wp\/v2\/pages\/380"}],"wp:attachment":[{"href":"https:\/\/www.disfrutalapalma.com\/de\/wp-json\/wp\/v2\/media?parent=386"}],"curies":[{"name":"wp","href":"https:\/\/api.w.org\/{rel}","templated":true}]}}