{"id":251,"date":"2011-09-21T14:08:06","date_gmt":"2011-09-21T14:08:06","guid":{"rendered":"http:\/\/www.disfrutalapalma.com\/?page_id=251"},"modified":"2012-10-01T01:05:15","modified_gmt":"2012-10-01T00:05:15","slug":"fuencaliente","status":"publish","type":"page","link":"https:\/\/www.disfrutalapalma.com\/de\/entretenimiento\/fuencaliente\/","title":{"rendered":"Aktive Freizeit"},"content":{"rendered":"<p>Aktive Freizeit auf La Palma<\/p>\n<div style=\"border: #CCC 1px solid; padding:10px;margin-bottom:15px;padding-bottom:6px;\"><img loading=\"lazy\" decoding=\"async\" src=\"http:\/\/www.disfrutalapalma.com\/wp-content\/associated-posts\/ocioeintrag1\/aktiv_aktiv20.gif\" width=\"20\" height=\"20\" alt=\"Ocio activo\" style=\"margin-right:3px;\"\/>Aktive Freizeit<img loading=\"lazy\" decoding=\"async\" src=\"http:\/\/www.disfrutalapalma.com\/wp-content\/associated-posts\/ocioeintrag1\/bailar_aktiv20.gif\" width=\"20\" height=\"20\" alt=\"Baile\" style=\"margin-right:3px;margin-left:20px;\"\/>Tanzen<img loading=\"lazy\" decoding=\"async\" src=\"http:\/\/www.disfrutalapalma.com\/wp-content\/associated-posts\/ocioeintrag1\/cine_aktiv20.gif\" width=\"20\" height=\"20\" alt=\"Cine\" style=\"margin-right:3px;margin-left:20px;\"\/>Kino<img loading=\"lazy\" decoding=\"async\" src=\"http:\/\/www.disfrutalapalma.com\/wp-content\/associated-posts\/ocioeintrag1\/theater_aktiv20.gif\" width=\"20\" height=\"20\" alt=\"Teatro\" style=\"margin-right:3px;margin-left:20px;\"\/>Theater\n<\/div>\n<div class=\"associated-posts title-full-content\"><div class=\"associated-post\"><h2 class=\"post-title\"><a href=\"https:\/\/www.disfrutalapalma.com\/de\/ocio\/mountainride-la-palma\/\" title=\"Mountainride La Palma\">Mountainride La Palma<\/a><\/h2><div class=\"post-content\"><div class=\"associated-posts title-excerpt-thumbnail\"><\/div><\/div><\/div><div class=\"associated-post\"><h2 class=\"post-title\"><a href=\"https:\/\/www.disfrutalapalma.com\/de\/ocio\/minigolf-la-palma\/\" title=\"Minigolf La Palma\">Minigolf La Palma<\/a><\/h2><div class=\"post-content\"><\/div><\/div><div class=\"associated-post\"><h2 class=\"post-title\"><a href=\"https:\/\/www.disfrutalapalma.com\/de\/ocio\/astrologa-astrologin-marion-grab\/\" title=\"Astr\u00f3loga | Astrologin Marion Grab\">Astr\u00f3loga | Astrologin Marion Grab<\/a><\/h2><div class=\"post-content\"><\/div><\/div><div class=\"associated-post\"><h2 class=\"post-title\"><a href=\"https:\/\/www.disfrutalapalma.com\/de\/ocio\/graja-tours\/\" title=\"Graja-Tours\">Graja-Tours<\/a><\/h2><div class=\"post-content\"><\/div><\/div><div class=\"associated-post\"><h2 class=\"post-title\"><a href=\"https:\/\/www.disfrutalapalma.com\/de\/ocio\/bodyfit\/\" title=\"BodyFit\">BodyFit<\/a><\/h2><div class=\"post-content\"><\/div><\/div><div class=\"associated-post\"><h2 class=\"post-title\"><a href=\"https:\/\/www.disfrutalapalma.com\/de\/ocio\/aquahobby-ocio\/\" title=\"AquaHobby Ocio\">AquaHobby Ocio<\/a><\/h2><div class=\"post-content\"><\/div><\/div><div class=\"associated-post\"><h2 class=\"post-title\"><a href=\"https:\/\/www.disfrutalapalma.com\/de\/ocio\/burros-de-la-luz\/\" title=\"Burros de la Luz\">Burros de la Luz<\/a><\/h2><div class=\"post-content\"><\/div><\/div><div class=\"associated-post\"><h2 class=\"post-title\"><a href=\"https:\/\/www.disfrutalapalma.com\/de\/ocio\/platanol%c3%b3gico-2\/\" title=\"Platanol\u00f3gico\">Platanol\u00f3gico<\/a><\/h2><div class=\"post-content\"><\/div><\/div><div class=\"associated-post\"><h2 class=\"post-title\"><a href=\"https:\/\/www.disfrutalapalma.com\/de\/ocio\/centro-de-est%c3%a9tica-sch%c3%b6nheitszentrum-victoria-alem%c3%a1n\/\" title=\"Centro de Est\u00e9tica | Sch\u00f6nheitszentrum Victoria Alem\u00e1n\">Centro de Est\u00e9tica | Sch\u00f6nheitszentrum Victoria Alem\u00e1n<\/a><\/h2><div class=\"post-content\"><\/div><\/div><div class=\"associated-post\"><h2 class=\"post-title\"><a href=\"https:\/\/www.disfrutalapalma.com\/de\/ocio\/tauchpartner-la-palma-2\/\" title=\"TauchPartner La Palma\">TauchPartner La Palma<\/a><\/h2><div class=\"post-content\"><div class=\"associated-posts title-full-content\"><\/div><\/div><\/div><div class=\"associated-post\"><h2 class=\"post-title\"><a href=\"https:\/\/www.disfrutalapalma.com\/de\/ocio\/natour-trekking\/\" title=\"Natour Trekking\">Natour Trekking<\/a><\/h2><div class=\"post-content\"><\/div><\/div><div class=\"associated-post\"><h2 class=\"post-title\"><a href=\"https:\/\/www.disfrutalapalma.com\/de\/ocio\/myquadsbikes\/\" title=\"MyQuads&#038;Bikes\">MyQuads&#038;Bikes<\/a><\/h2><div class=\"post-content\"><div class=\"associated-posts title-full-content\"><\/div><\/div><\/div><div class=\"associated-post\"><h2 class=\"post-title\"><a href=\"https:\/\/www.disfrutalapalma.com\/de\/ocio\/maroparque-2\/\" title=\"Maroparque\">Maroparque<\/a><\/h2><div class=\"post-content\"><\/div><\/div><div class=\"associated-post\"><h2 class=\"post-title\"><a href=\"https:\/\/www.disfrutalapalma.com\/de\/ocio\/magic-bike-la-palma-2\/\" title=\"Magic-Bike La Palma\">Magic-Bike La Palma<\/a><\/h2><div class=\"post-content\"><div class=\"associated-posts title-full-content\"><\/div><\/div><\/div><div class=\"associated-post\"><h2 class=\"post-title\"><a href=\"https:\/\/www.disfrutalapalma.com\/de\/ocio\/lp-diving-center-2\/\" title=\"LP Diving Center\">LP Diving Center<\/a><\/h2><div class=\"post-content\"><div class=\"associated-posts title-full-content\"><\/div><\/div><\/div><div class=\"associated-post\"><h2 class=\"post-title\"><a href=\"https:\/\/www.disfrutalapalma.com\/de\/ocio\/fancy-ii-2\/\" title=\"Fantasy\/Fancy II\">Fantasy\/Fancy II<\/a><\/h2><div class=\"post-content\"><\/div><\/div><div class=\"associated-post\"><h2 class=\"post-title\"><a href=\"https:\/\/www.disfrutalapalma.com\/de\/ocio\/bussard-2\/\" title=\"Bussard, Inia &#038; Zodiak\">Bussard, Inia &#038; Zodiak<\/a><\/h2><div class=\"post-content\"><\/div><\/div><div class=\"associated-post\"><h2 class=\"post-title\"><a href=\"https:\/\/www.disfrutalapalma.com\/de\/ocio\/buceo-sub-2\/\" title=\"Buceo Sub\">Buceo Sub<\/a><\/h2><div class=\"post-content\"><div class=\"associated-posts title-full-content\"><\/div><\/div><\/div><div class=\"associated-post\"><h2 class=\"post-title\"><a href=\"https:\/\/www.disfrutalapalma.com\/de\/ocio\/astrolapalma\/\" title=\"AstroLaPalma\">AstroLaPalma<\/a><\/h2><div class=\"post-content\"><div class=\"associated-posts title-full-content\"><\/div><\/div><\/div><div class=\"associated-post\"><h2 class=\"post-title\"><a href=\"https:\/\/www.disfrutalapalma.com\/de\/ocio\/astrotour\/\" title=\"AstroTour\">AstroTour<\/a><\/h2><div class=\"post-content\"><div class=\"associated-posts title-full-content\"><\/div><\/div><\/div><div class=\"associated-post\"><h2 class=\"post-title\"><a href=\"https:\/\/www.disfrutalapalma.com\/de\/ocio\/agua-fun-tours-2-2\/\" title=\"Agua Fun Tours\">Agua Fun Tours<\/a><\/h2><div class=\"post-content\"><div class=\"associated-posts title-full-content\"><\/div><\/div><\/div><\/div>\n","protected":false},"excerpt":{"rendered":"<p>Aktive Freizeit auf La Palma Aktive FreizeitTanzenKinoTheater Mountainride La PalmaMinigolf La PalmaAstr\u00f3loga | Astrologin Marion GrabGraja-ToursBodyFitAquaHobby OcioBurros de la LuzPlatanol\u00f3gicoCentro de Est\u00e9tica | Sch\u00f6nheitszentrum Victoria Alem\u00e1nTauchPartner La PalmaNatour TrekkingMyQuads&#038;BikesMaroparqueMagic-Bike La PalmaLP Diving CenterFantasy\/Fancy IIBussard, Inia &#038; ZodiakBuceo SubAstroLaPalmaAstroTourAgua Fun Tours<\/p>\n","protected":false},"author":3004,"featured_media":0,"parent":150,"menu_order":14,"comment_status":"closed","ping_status":"closed","template":"","meta":{"_acf_changed":false,"footnotes":""},"class_list":["post-251","page","type-page","status-publish","hentry"],"acf":[],"_links":{"self":[{"href":"https:\/\/www.disfrutalapalma.com\/de\/wp-json\/wp\/v2\/pages\/251","targetHints":{"allow":["GET"]}}],"collection":[{"href":"https:\/\/www.disfrutalapalma.com\/de\/wp-json\/wp\/v2\/pages"}],"about":[{"href":"https:\/\/www.disfrutalapalma.com\/de\/wp-json\/wp\/v2\/types\/page"}],"author":[{"embeddable":true,"href":"https:\/\/www.disfrutalapalma.com\/de\/wp-json\/wp\/v2\/users\/3004"}],"replies":[{"embeddable":true,"href":"https:\/\/www.disfrutalapalma.com\/de\/wp-json\/wp\/v2\/comments?post=251"}],"version-history":[{"count":5,"href":"https:\/\/www.disfrutalapalma.com\/de\/wp-json\/wp\/v2\/pages\/251\/revisions"}],"predecessor-version":[{"id":7280,"href":"https:\/\/www.disfrutalapalma.com\/de\/wp-json\/wp\/v2\/pages\/251\/revisions\/7280"}],"up":[{"embeddable":true,"href":"https:\/\/www.disfrutalapalma.com\/de\/wp-json\/wp\/v2\/pages\/150"}],"wp:attachment":[{"href":"https:\/\/www.disfrutalapalma.com\/de\/wp-json\/wp\/v2\/media?parent=251"}],"curies":[{"name":"wp","href":"https:\/\/api.w.org\/{rel}","templated":true}]}}