{"id":204,"date":"2011-09-21T13:36:53","date_gmt":"2011-09-21T13:36:53","guid":{"rendered":"http:\/\/www.disfrutalapalma.com\/?page_id=204"},"modified":"2012-10-01T00:58:08","modified_gmt":"2012-09-30T23:58:08","slug":"los-llanos","status":"publish","type":"page","link":"https:\/\/www.disfrutalapalma.com\/de\/restaurantes-en-la-palma\/los-llanos\/","title":{"rendered":"Los Llanos"},"content":{"rendered":"<p>Gastronomie im Bezirk Los Llanos<\/p>\n<div style=\"border: #CCC 1px solid; padding:10px;margin-bottom:15px;padding-bottom:6px;\"><img loading=\"lazy\" decoding=\"async\" src=\"http:\/\/www.disfrutalapalma.com\/wp-content\/associated-posts\/gastroeintrag1\/restaurant_aktiv20.gif\" width=\"20\" height=\"20\" alt=\"Restaurant\" style=\"margin-right:3px;\"\/>Restaurant<img loading=\"lazy\" decoding=\"async\" src=\"http:\/\/www.disfrutalapalma.com\/wp-content\/associated-posts\/gastroeintrag1\/tapas_aktiv20.gif\" width=\"20\" height=\"20\" alt=\"Bar de tapas\" style=\"margin-right:3px;margin-left:20px;\"\/>Tapasbar<img loading=\"lazy\" decoding=\"async\" src=\"http:\/\/www.disfrutalapalma.com\/wp-content\/associated-posts\/gastroeintrag1\/cafe_aktiv20.gif\" width=\"20\" height=\"20\" alt=\"Cafeter\u00eda\" style=\"margin-right:3px;margin-left:20px;\"\/>Caf\u00e9<img loading=\"lazy\" decoding=\"async\" src=\"http:\/\/www.disfrutalapalma.com\/wp-content\/associated-posts\/gastroeintrag1\/copas_aktiv20.gif\" width=\"20\" height=\"20\" alt=\"Bar de copas\" style=\"margin-right:3px;margin-left:20px;\"\/>Kneipe\n<\/div>\n<div class=\"associated-posts title-full-content\"><div class=\"associated-post\"><h2 class=\"post-title\"><a href=\"https:\/\/www.disfrutalapalma.com\/de\/guia\/restaurante-la-colonial-25\/\" title=\"Restaurante La Colonial 25\">Restaurante La Colonial 25<\/a><\/h2><div class=\"post-content\"><div class=\"associated-posts title-excerpt-thumbnail\"><\/div><\/div><\/div><div class=\"associated-post\"><h2 class=\"post-title\"><a href=\"https:\/\/www.disfrutalapalma.com\/de\/guia\/the-gofre-place\/\" title=\"The Gofre Place\">The Gofre Place<\/a><\/h2><div class=\"post-content\"><\/div><\/div><div class=\"associated-post\"><h2 class=\"post-title\"><a href=\"https:\/\/www.disfrutalapalma.com\/de\/guia\/charcuter%c3%ada-los-ib%c3%a9ricos-de-la-palma-2\/\" title=\"Bodega Charcuter\u00eda Los Ib\u00e9ricos de La Palma\">Bodega Charcuter\u00eda Los Ib\u00e9ricos de La Palma<\/a><\/h2><div class=\"post-content\"><\/div><\/div><div class=\"associated-post\"><h2 class=\"post-title\"><a href=\"https:\/\/www.disfrutalapalma.com\/de\/guia\/capricho\/\" title=\"Capricho\">Capricho<\/a><\/h2><div class=\"post-content\"><\/div><\/div><div class=\"associated-post\"><h2 class=\"post-title\"><a href=\"https:\/\/www.disfrutalapalma.com\/de\/guia\/karma-copas-vip-club-2\/\" title=\"Karma Copas Vip Club\">Karma Copas Vip Club<\/a><\/h2><div class=\"post-content\"><\/div><\/div><div class=\"associated-post\"><h2 class=\"post-title\"><a href=\"https:\/\/www.disfrutalapalma.com\/de\/guia\/kiosco-la-charca\/\" title=\"Kiosco La Charca\">Kiosco La Charca<\/a><\/h2><div class=\"post-content\"><\/div><\/div><div class=\"associated-post\"><h2 class=\"post-title\"><a href=\"https:\/\/www.disfrutalapalma.com\/de\/guia\/restaurante-brisa\/\" title=\"Restaurante Brisa\">Restaurante Brisa<\/a><\/h2><div class=\"post-content\"><\/div><\/div><div class=\"associated-post\"><h2 class=\"post-title\"><a href=\"https:\/\/www.disfrutalapalma.com\/de\/guia\/la-gelater%c3%ada-2\/\" title=\"La Gelater\u00eda\">La Gelater\u00eda<\/a><\/h2><div class=\"post-content\"><\/div><\/div><div class=\"associated-post\"><h2 class=\"post-title\"><a href=\"https:\/\/www.disfrutalapalma.com\/de\/guia\/kiosco-7-2\/\" title=\"Kiosco 7 (antes Kiosco 7 Islas)\">Kiosco 7 (antes Kiosco 7 Islas)<\/a><\/h2><div class=\"post-content\"><\/div><\/div><div class=\"associated-post\"><h2 class=\"post-title\"><a href=\"https:\/\/www.disfrutalapalma.com\/de\/guia\/rest-parrilla-grill-steakhouse-los-argentinos\/\" title=\"Rest. Parrilla Grill Steakhouse Los Argentinos\">Rest. Parrilla Grill Steakhouse Los Argentinos<\/a><\/h2><div class=\"post-content\"><\/div><\/div><div class=\"associated-post\"><h2 class=\"post-title\"><a href=\"https:\/\/www.disfrutalapalma.com\/de\/guia\/nuovo-caf%c3%a9-rami\/\" title=\"Nuovo Caf\u00e9 Rami\">Nuovo Caf\u00e9 Rami<\/a><\/h2><div class=\"post-content\"><\/div><\/div><div class=\"associated-post\"><h2 class=\"post-title\"><a href=\"https:\/\/www.disfrutalapalma.com\/de\/guia\/piadiner%c3%ada-calle-del-medio-13-2\/\" title=\"Piadiner\u00eda Calle del Medio 13\">Piadiner\u00eda Calle del Medio 13<\/a><\/h2><div class=\"post-content\"><\/div><\/div><div class=\"associated-post\"><h2 class=\"post-title\"><a href=\"https:\/\/www.disfrutalapalma.com\/de\/guia\/kiosco-reme\/\" title=\"Kiosco Reme\">Kiosco Reme<\/a><\/h2><div class=\"post-content\"><\/div><\/div><div class=\"associated-post\"><h2 class=\"post-title\"><a href=\"https:\/\/www.disfrutalapalma.com\/de\/guia\/caf%c3%a9-idafe\/\" title=\"Caf\u00e9 Idafe\">Caf\u00e9 Idafe<\/a><\/h2><div class=\"post-content\"><\/div><\/div><div class=\"associated-post\"><h2 class=\"post-title\"><a href=\"https:\/\/www.disfrutalapalma.com\/de\/guia\/restaurante-cocomar\/\" title=\"Restaurante Cocomar\">Restaurante Cocomar<\/a><\/h2><div class=\"post-content\"><\/div><\/div><div class=\"associated-post\"><h2 class=\"post-title\"><a href=\"https:\/\/www.disfrutalapalma.com\/de\/guia\/cafe-rami\/\" title=\"Caf\u00e9 Rami\">Caf\u00e9 Rami<\/a><\/h2><div class=\"post-content\"><\/div><\/div><div class=\"associated-post\"><h2 class=\"post-title\"><a href=\"https:\/\/www.disfrutalapalma.com\/de\/guia\/ecosagamo\/\" title=\"Ecos\u00e1gamo\">Ecos\u00e1gamo<\/a><\/h2><div class=\"post-content\"><\/div><\/div><div class=\"associated-post\"><h2 class=\"post-title\"><a href=\"https:\/\/www.disfrutalapalma.com\/de\/guia\/turbulentus-2\/\" title=\"Turbulentus\">Turbulentus<\/a><\/h2><div class=\"post-content\"><\/div><\/div><div class=\"associated-post\"><h2 class=\"post-title\"><a href=\"https:\/\/www.disfrutalapalma.com\/de\/guia\/la-taverna-del-bardo\/\" title=\"La Taverna del Bardo\">La Taverna del Bardo<\/a><\/h2><div class=\"post-content\"><\/div><\/div><div class=\"associated-post\"><h2 class=\"post-title\"><a href=\"https:\/\/www.disfrutalapalma.com\/de\/guia\/restaurante-casa-gloria\/\" title=\"Restaurante Casa Gloria\">Restaurante Casa Gloria<\/a><\/h2><div class=\"post-content\"><\/div><\/div><div class=\"associated-post\"><h2 class=\"post-title\"><a href=\"https:\/\/www.disfrutalapalma.com\/de\/guia\/tasca-la-fuente\/\" title=\"Tasca La Fuente\">Tasca La Fuente<\/a><\/h2><div class=\"post-content\"><\/div><\/div><div class=\"associated-post\"><h2 class=\"post-title\"><a href=\"https:\/\/www.disfrutalapalma.com\/de\/guia\/la-taberna-de-nora-2\/\" title=\"La Taberna de Nora\">La Taberna de Nora<\/a><\/h2><div class=\"post-content\"><\/div><\/div><div class=\"associated-post\"><h2 class=\"post-title\"><a href=\"https:\/\/www.disfrutalapalma.com\/de\/guia\/biocomunidad\/\" title=\"Biocomunidad Bioladen\">Biocomunidad Bioladen<\/a><\/h2><div class=\"post-content\"><\/div><\/div><div class=\"associated-post\"><h2 class=\"post-title\"><a href=\"https:\/\/www.disfrutalapalma.com\/de\/guia\/eme-22-tapasbar\/\" title=\"eMe 22 Tapasbar\">eMe 22 Tapasbar<\/a><\/h2><div class=\"post-content\"><\/div><\/div><div class=\"associated-post\"><h2 class=\"post-title\"><a href=\"https:\/\/www.disfrutalapalma.com\/de\/guia\/restaurante-salta-si-puedes\/\" title=\"Restaurante SALTA SI PUEDES\">Restaurante SALTA SI PUEDES<\/a><\/h2><div class=\"post-content\"><\/div><\/div><div class=\"associated-post\"><h2 class=\"post-title\"><a href=\"https:\/\/www.disfrutalapalma.com\/de\/guia\/restaurante-casa-kiko\/\" title=\"Restaurante Casa Kiko\">Restaurante Casa Kiko<\/a><\/h2><div class=\"post-content\"><\/div><\/div><div class=\"associated-post\"><h2 class=\"post-title\"><a href=\"https:\/\/www.disfrutalapalma.com\/de\/guia\/restaurante-parrilla-grill-aridane\/\" title=\"Restaurante Parrilla Grill Aridane\">Restaurante Parrilla Grill Aridane<\/a><\/h2><div class=\"post-content\"><\/div><\/div><div class=\"associated-post\"><h2 class=\"post-title\"><a href=\"https:\/\/www.disfrutalapalma.com\/de\/guia\/pepper-mexican-food\/\" title=\"Pepper Mexican Food\">Pepper Mexican Food<\/a><\/h2><div class=\"post-content\"><\/div><\/div><div class=\"associated-post\"><h2 class=\"post-title\"><a href=\"https:\/\/www.disfrutalapalma.com\/de\/guia\/don-v%c3%adctor-v%c3%adveres-frutas-y-verduras-fr%c3%bcchte-gem%c3%bcse-2\/\" title=\"Don V\u00edctor. V\u00edveres, frutas y verduras | Fr\u00fcchte &#038; Gem\u00fcse\">Don V\u00edctor. V\u00edveres, frutas y verduras | Fr\u00fcchte &#038; Gem\u00fcse<\/a><\/h2><div class=\"post-content\"><\/div><\/div><div class=\"associated-post\"><h2 class=\"post-title\"><a href=\"https:\/\/www.disfrutalapalma.com\/de\/guia\/el-duende-del-fuego\/\" title=\"El Duende del Fuego\">El Duende del Fuego<\/a><\/h2><div class=\"post-content\"><\/div><\/div><div class=\"associated-post\"><h2 class=\"post-title\"><a href=\"https:\/\/www.disfrutalapalma.com\/de\/guia\/restaurante-arepera-el-rinconcito\/\" title=\"Restaurante Arepera El Rinconcito\">Restaurante Arepera El Rinconcito<\/a><\/h2><div class=\"post-content\"><\/div><\/div><div class=\"associated-post\"><h2 class=\"post-title\"><a href=\"https:\/\/www.disfrutalapalma.com\/de\/guia\/restaurante-plaza-chica\/\" title=\"Restaurante Plaza Chica\">Restaurante Plaza Chica<\/a><\/h2><div class=\"post-content\"><\/div><\/div><div class=\"associated-post\"><h2 class=\"post-title\"><a href=\"https:\/\/www.disfrutalapalma.com\/de\/guia\/frida-helader%c3%ada-y-pasteler%c3%ada-2\/\" title=\"FRIDA &#8211; Helader\u00eda y Pasteler\u00eda\">FRIDA &#8211; Helader\u00eda y Pasteler\u00eda<\/a><\/h2><div class=\"post-content\"><\/div><\/div><div class=\"associated-post\"><h2 class=\"post-title\"><a href=\"https:\/\/www.disfrutalapalma.com\/de\/guia\/pizzer%c3%ada-pasteler%c3%ada-dulce-y-salado-la-laguna\/\" title=\"Pizzer\u00eda Pasteler\u00eda Dulce y Salado La Laguna\">Pizzer\u00eda Pasteler\u00eda Dulce y Salado La Laguna<\/a><\/h2><div class=\"post-content\"><\/div><\/div><div class=\"associated-post\"><h2 class=\"post-title\"><a href=\"https:\/\/www.disfrutalapalma.com\/de\/guia\/cafeter%c3%ada-campo-amor\/\" title=\"Cafeter\u00eda Campo Amor\">Cafeter\u00eda Campo Amor<\/a><\/h2><div class=\"post-content\"><\/div><\/div><div class=\"associated-post\"><h2 class=\"post-title\"><a href=\"https:\/\/www.disfrutalapalma.com\/de\/guia\/caf%c3%a9-marex\/\" title=\"Caf\u00e9 Marex\">Caf\u00e9 Marex<\/a><\/h2><div class=\"post-content\"><\/div><\/div><div class=\"associated-post\"><h2 class=\"post-title\"><a href=\"https:\/\/www.disfrutalapalma.com\/de\/guia\/restaurante-el-hidalgo-2\/\" title=\"Restaurante El Hidalgo\">Restaurante El Hidalgo<\/a><\/h2><div class=\"post-content\"><\/div><\/div><div class=\"associated-post\"><h2 class=\"post-title\"><a href=\"https:\/\/www.disfrutalapalma.com\/de\/guia\/utop%c3%ada-cocktail-bar-2\/\" title=\"Utop\u00eda Cocktail Bar\">Utop\u00eda Cocktail Bar<\/a><\/h2><div class=\"post-content\"><div class=\"associated-posts title-full-content\"><\/div><\/div><\/div><div class=\"associated-post\"><h2 class=\"post-title\"><a href=\"https:\/\/www.disfrutalapalma.com\/de\/guia\/tasca-digna-mari-2\/\" title=\"Tasca Digna Mari\">Tasca Digna Mari<\/a><\/h2><div class=\"post-content\"><div class=\"associated-posts title-full-content\"><\/div><\/div><\/div><div class=\"associated-post\"><h2 class=\"post-title\"><a href=\"https:\/\/www.disfrutalapalma.com\/de\/guia\/pizzer%c3%ada-il-forno-2\/\" title=\"Pizzer\u00eda Il Forno\">Pizzer\u00eda Il Forno<\/a><\/h2><div class=\"post-content\"><div class=\"associated-posts title-full-content\"><\/div><\/div><\/div><div class=\"associated-post\"><h2 class=\"post-title\"><a href=\"https:\/\/www.disfrutalapalma.com\/de\/guia\/restaurante-el-rinc%c3%b3n-de-moraga\/\" title=\"Restaurante El Rinc\u00f3n de Moraga\">Restaurante El Rinc\u00f3n de Moraga<\/a><\/h2><div class=\"post-content\"><div class=\"associated-posts title-full-content\"><\/div><\/div><\/div><div class=\"associated-post\"><h2 class=\"post-title\"><a href=\"https:\/\/www.disfrutalapalma.com\/de\/guia\/restaurante-pizzer%c3%ada-el-geco-libero-2\/\" title=\"Restaurante Pizzer\u00eda El Geco Libero\">Restaurante Pizzer\u00eda El Geco Libero<\/a><\/h2><div class=\"post-content\"><div class=\"associated-posts title-full-content\"><\/div><\/div><\/div><div class=\"associated-post\"><h2 class=\"post-title\"><a href=\"https:\/\/www.disfrutalapalma.com\/de\/guia\/restaurante-la-mariposa\/\" title=\"Restaurante La Mariposa\">Restaurante La Mariposa<\/a><\/h2><div class=\"post-content\"><\/div><\/div><div class=\"associated-post\"><h2 class=\"post-title\"><a href=\"https:\/\/www.disfrutalapalma.com\/de\/guia\/restaurante-el-jable-2\/\" title=\"Restaurante El Jable\">Restaurante El Jable<\/a><\/h2><div class=\"post-content\"><div class=\"associated-posts title-full-content\"><\/div><\/div><\/div><div class=\"associated-post\"><h2 class=\"post-title\"><a href=\"https:\/\/www.disfrutalapalma.com\/de\/guia\/restaurante-pizzer%c3%ada-cantina-due-torri-2\/\" title=\"Restaurante Pizzer\u00eda Cantina Due Torri\">Restaurante Pizzer\u00eda Cantina Due Torri<\/a><\/h2><div class=\"post-content\"><div class=\"associated-posts title-full-content\"><\/div><\/div><\/div><div class=\"associated-post\"><h2 class=\"post-title\"><a href=\"https:\/\/www.disfrutalapalma.com\/de\/guia\/bar-la-luna\/\" title=\"Bar La Luna\">Bar La Luna<\/a><\/h2><div class=\"post-content\"><\/div><\/div><div class=\"associated-post\"><h2 class=\"post-title\"><a href=\"https:\/\/www.disfrutalapalma.com\/de\/guia\/bar-cafeter%c3%ada-punto-de-encuentro-2\/\" title=\"Bar-Cafeter\u00eda Punto de Encuentro\">Bar-Cafeter\u00eda Punto de Encuentro<\/a><\/h2><div class=\"post-content\"><div class=\"associated-posts title-full-content\"><\/div><\/div><\/div><div class=\"associated-post\"><h2 class=\"post-title\"><a href=\"https:\/\/www.disfrutalapalma.com\/de\/guia\/bar-cafeter%c3%ada-el-bucanero-lalys-bar-2\/\" title=\"Bar-Cafeter\u00eda El Bucanero Laly\u2019s Bar\">Bar-Cafeter\u00eda El Bucanero Laly\u2019s Bar<\/a><\/h2><div class=\"post-content\"><\/div><\/div><\/div>\n","protected":false},"excerpt":{"rendered":"<p>Gastronomie im Bezirk Los Llanos RestaurantTapasbarCaf\u00e9Kneipe Restaurante La Colonial 25The Gofre PlaceBodega Charcuter\u00eda Los Ib\u00e9ricos de La PalmaCaprichoKarma Copas Vip ClubKiosco La CharcaRestaurante BrisaLa Gelater\u00edaKiosco 7 (antes Kiosco 7 Islas)Rest. Parrilla Grill Steakhouse Los ArgentinosNuovo Caf\u00e9 RamiPiadiner\u00eda Calle del Medio &hellip; <a href=\"https:\/\/www.disfrutalapalma.com\/de\/restaurantes-en-la-palma\/los-llanos\/\">Weiterlesen <span class=\"meta-nav\">&rarr;<\/span><\/a><\/p>\n","protected":false},"author":3004,"featured_media":0,"parent":145,"menu_order":174,"comment_status":"closed","ping_status":"closed","template":"","meta":{"_acf_changed":false,"footnotes":""},"class_list":["post-204","page","type-page","status-publish","hentry"],"acf":[],"_links":{"self":[{"href":"https:\/\/www.disfrutalapalma.com\/de\/wp-json\/wp\/v2\/pages\/204","targetHints":{"allow":["GET"]}}],"collection":[{"href":"https:\/\/www.disfrutalapalma.com\/de\/wp-json\/wp\/v2\/pages"}],"about":[{"href":"https:\/\/www.disfrutalapalma.com\/de\/wp-json\/wp\/v2\/types\/page"}],"author":[{"embeddable":true,"href":"https:\/\/www.disfrutalapalma.com\/de\/wp-json\/wp\/v2\/users\/3004"}],"replies":[{"embeddable":true,"href":"https:\/\/www.disfrutalapalma.com\/de\/wp-json\/wp\/v2\/comments?post=204"}],"version-history":[{"count":5,"href":"https:\/\/www.disfrutalapalma.com\/de\/wp-json\/wp\/v2\/pages\/204\/revisions"}],"predecessor-version":[{"id":7262,"href":"https:\/\/www.disfrutalapalma.com\/de\/wp-json\/wp\/v2\/pages\/204\/revisions\/7262"}],"up":[{"embeddable":true,"href":"https:\/\/www.disfrutalapalma.com\/de\/wp-json\/wp\/v2\/pages\/145"}],"wp:attachment":[{"href":"https:\/\/www.disfrutalapalma.com\/de\/wp-json\/wp\/v2\/media?parent=204"}],"curies":[{"name":"wp","href":"https:\/\/api.w.org\/{rel}","templated":true}]}}