{"id":200,"date":"2011-09-21T13:36:23","date_gmt":"2011-09-21T13:36:23","guid":{"rendered":"http:\/\/www.disfrutalapalma.com\/?page_id=200"},"modified":"2012-10-01T00:56:25","modified_gmt":"2012-09-30T23:56:25","slug":"fuencaliente","status":"publish","type":"page","link":"https:\/\/www.disfrutalapalma.com\/de\/restaurantes-en-la-palma\/fuencaliente\/","title":{"rendered":"Fuencaliente"},"content":{"rendered":"<p>Gastronomie im Bezirk Fuencaliente<\/p>\n<div style=\"border: #CCC 1px solid; padding:10px;margin-bottom:15px;padding-bottom:6px;\"><img loading=\"lazy\" decoding=\"async\" src=\"http:\/\/www.disfrutalapalma.com\/wp-content\/associated-posts\/gastroeintrag1\/restaurant_aktiv20.gif\" width=\"20\" height=\"20\" alt=\"Restaurant\" style=\"margin-right:3px;\"\/>Restaurant<img loading=\"lazy\" decoding=\"async\" src=\"http:\/\/www.disfrutalapalma.com\/wp-content\/associated-posts\/gastroeintrag1\/tapas_aktiv20.gif\" width=\"20\" height=\"20\" alt=\"Bar de tapas\" style=\"margin-right:3px;margin-left:20px;\"\/>Tapasbar<img loading=\"lazy\" decoding=\"async\" src=\"http:\/\/www.disfrutalapalma.com\/wp-content\/associated-posts\/gastroeintrag1\/cafe_aktiv20.gif\" width=\"20\" height=\"20\" alt=\"Cafeter\u00eda\" style=\"margin-right:3px;margin-left:20px;\"\/>Caf\u00e9<img loading=\"lazy\" decoding=\"async\" src=\"http:\/\/www.disfrutalapalma.com\/wp-content\/associated-posts\/gastroeintrag1\/copas_aktiv20.gif\" width=\"20\" height=\"20\" alt=\"Bar de copas\" style=\"margin-right:3px;margin-left:20px;\"\/>Kneipe\n<\/div>\n<div class=\"associated-posts title-full-content\"><div class=\"associated-post\"><h2 class=\"post-title\"><a href=\"https:\/\/www.disfrutalapalma.com\/de\/guia\/restaurante-puesta-de-sol\/\" title=\"Restaurante Puesta de Sol\">Restaurante Puesta de Sol<\/a><\/h2><div class=\"post-content\"><\/div><\/div><div class=\"associated-post\"><h2 class=\"post-title\"><a href=\"https:\/\/www.disfrutalapalma.com\/de\/guia\/jard%c3%adn-de-sal\/\" title=\"Jard\u00edn de Sal\">Jard\u00edn de Sal<\/a><\/h2><div class=\"post-content\"><\/div><\/div><div class=\"associated-post\"><h2 class=\"post-title\"><a href=\"https:\/\/www.disfrutalapalma.com\/de\/guia\/restaurante-la-era\/\" title=\"Restaurante La Era\">Restaurante La Era<\/a><\/h2><div class=\"post-content\"><\/div><\/div><div class=\"associated-post\"><h2 class=\"post-title\"><a href=\"https:\/\/www.disfrutalapalma.com\/de\/guia\/restaurante-la-casa-del-volc%c3%a1n-2\/\" title=\"Restaurante La Casa del Volc\u00e1n\">Restaurante La Casa del Volc\u00e1n<\/a><\/h2><div class=\"post-content\"><div class=\"associated-posts title-full-content\"><\/div><\/div><\/div><div class=\"associated-post\"><h2 class=\"post-title\"><a href=\"https:\/\/www.disfrutalapalma.com\/de\/guia\/bar-centaurea\/\" title=\"Bar Centaurea\">Bar Centaurea<\/a><\/h2><div class=\"post-content\"><\/div><\/div><\/div>\n","protected":false},"excerpt":{"rendered":"<p>Gastronomie im Bezirk Fuencaliente RestaurantTapasbarCaf\u00e9Kneipe Restaurante Puesta de SolJard\u00edn de SalRestaurante La EraRestaurante La Casa del Volc\u00e1nBar Centaurea<\/p>\n","protected":false},"author":3004,"featured_media":0,"parent":145,"menu_order":46,"comment_status":"closed","ping_status":"closed","template":"","meta":{"_acf_changed":false,"footnotes":""},"class_list":["post-200","page","type-page","status-publish","hentry"],"acf":[],"_links":{"self":[{"href":"https:\/\/www.disfrutalapalma.com\/de\/wp-json\/wp\/v2\/pages\/200","targetHints":{"allow":["GET"]}}],"collection":[{"href":"https:\/\/www.disfrutalapalma.com\/de\/wp-json\/wp\/v2\/pages"}],"about":[{"href":"https:\/\/www.disfrutalapalma.com\/de\/wp-json\/wp\/v2\/types\/page"}],"author":[{"embeddable":true,"href":"https:\/\/www.disfrutalapalma.com\/de\/wp-json\/wp\/v2\/users\/3004"}],"replies":[{"embeddable":true,"href":"https:\/\/www.disfrutalapalma.com\/de\/wp-json\/wp\/v2\/comments?post=200"}],"version-history":[{"count":4,"href":"https:\/\/www.disfrutalapalma.com\/de\/wp-json\/wp\/v2\/pages\/200\/revisions"}],"predecessor-version":[{"id":7258,"href":"https:\/\/www.disfrutalapalma.com\/de\/wp-json\/wp\/v2\/pages\/200\/revisions\/7258"}],"up":[{"embeddable":true,"href":"https:\/\/www.disfrutalapalma.com\/de\/wp-json\/wp\/v2\/pages\/145"}],"wp:attachment":[{"href":"https:\/\/www.disfrutalapalma.com\/de\/wp-json\/wp\/v2\/media?parent=200"}],"curies":[{"name":"wp","href":"https:\/\/api.w.org\/{rel}","templated":true}]}}