{"id":17654,"date":"2016-01-28T19:37:44","date_gmt":"2016-01-28T18:37:44","guid":{"rendered":"http:\/\/www.disfrutalapalma.com\/?page_id=17654"},"modified":"2018-10-15T16:06:37","modified_gmt":"2018-10-15T15:06:37","slug":"standort-verlagsb%c3%bcro","status":"publish","type":"page","link":"https:\/\/www.disfrutalapalma.com\/de\/revista\/standort-verlagsb%c3%bcro\/","title":{"rendered":"Standort &#038; Verlagsb\u00fcro"},"content":{"rendered":"<div style=\"margin-top:-15px;margin-bottom:0px;\">\n<div><iframe loading=\"lazy\" src=\"https:\/\/www.google.com\/maps\/embed?pb=!1m18!1m12!1m3!1d3464.9600105142376!2d-17.914177252211484!3d28.654513676867385!2m3!1f0!2f0!3f0!3m2!1i1024!2i768!4f13.1!3m3!1m2!1s0xc6bf3ce743edb43%3A0xe682d73244ff6f5!2sCalle+Pedro+Miguel+Hern%C3%A1ndez+Camacho%2C+44%2C+38767+Los+Llanos%2C+Santa+Cruz+de+Tenerife!5e0!3m2!1sde!2ses!4v1454004380908\" width=\"640\" height=\"450\" frameborder=\"0\" style=\"border:0\" allowfullscreen><\/iframe><\/div>\n<div style=\"margin-top:0px;margin-bottom:20px;font-style:italic;\">Sie finden uns in unmittelbarer N\u00e4he des Stadtzentrums von Los Llanos de Aridane, im Ortsteil Triana, in der Stra\u00dfe Calle Pedro Miguel Hern\u00e1ndez Camacho 44 (nebenan vom Elektrohandel COELCA bzw. gegen\u00fcber dem Friseursalon CORTATE UN PELO).<\/div>\n<div><img loading=\"lazy\" decoding=\"async\" src=\"http:\/\/www.disfrutalapalma.com\/wp-content\/uploads\/buero1.jpg\" alt=\"B\u00fcro 1\" title=\"buero1\" width=\"640\" height=\"736\" class=\"alignnone size-full wp-image-17643\" srcset=\"https:\/\/www.disfrutalapalma.com\/wp-content\/uploads\/buero1.jpg 640w, https:\/\/www.disfrutalapalma.com\/wp-content\/uploads\/buero1-260x300.jpg 260w, https:\/\/www.disfrutalapalma.com\/wp-content\/uploads\/buero1-86x100.jpg 86w\" sizes=\"auto, (max-width: 640px) 100vw, 640px\" \/><\/div>\n<div style=\"font-style:italic;margin-bottom:20px;\">Willkommen im \u00a1DISFRUTA!-Verlagsb\u00fcro &#8230;<\/div>\n<div><img loading=\"lazy\" decoding=\"async\" src=\"http:\/\/www.disfrutalapalma.com\/wp-content\/uploads\/buero2.jpg\" alt=\"B\u00fcro 2\" title=\"buero2\" width=\"640\" height=\"317\" class=\"alignnone size-full wp-image-17648\" srcset=\"https:\/\/www.disfrutalapalma.com\/wp-content\/uploads\/buero2.jpg 640w, https:\/\/www.disfrutalapalma.com\/wp-content\/uploads\/buero2-300x148.jpg 300w, https:\/\/www.disfrutalapalma.com\/wp-content\/uploads\/buero2-100x49.jpg 100w\" sizes=\"auto, (max-width: 640px) 100vw, 640px\" \/><\/div>\n<div style=\"font-style:italic;margin-bottom:20px;\">Blick in die Verlagsr\u00e4ume &#8230;<\/div>\n<div><img loading=\"lazy\" decoding=\"async\" src=\"http:\/\/www.disfrutalapalma.com\/wp-content\/uploads\/buero3.jpg\" alt=\"\" title=\"buero3\" width=\"640\" height=\"317\" class=\"alignnone size-full wp-image-17651\" srcset=\"https:\/\/www.disfrutalapalma.com\/wp-content\/uploads\/buero3.jpg 640w, https:\/\/www.disfrutalapalma.com\/wp-content\/uploads\/buero3-300x148.jpg 300w, https:\/\/www.disfrutalapalma.com\/wp-content\/uploads\/buero3-100x49.jpg 100w\" sizes=\"auto, (max-width: 640px) 100vw, 640px\" \/><\/div>\n<div style=\"font-style:italic;margin-bottom:20px;\">Arbeitspl\u00e4tze der Administration und Kreation &#8230;<\/div>\n<div><img loading=\"lazy\" decoding=\"async\" src=\"http:\/\/www.disfrutalapalma.com\/wp-content\/uploads\/studio1.jpg\" alt=\"El estudio de fotograf\u00eda\" title=\"studio1\" width=\"640\" height=\"317\" class=\"alignnone size-full wp-image-17659\" srcset=\"https:\/\/www.disfrutalapalma.com\/wp-content\/uploads\/studio1.jpg 640w, https:\/\/www.disfrutalapalma.com\/wp-content\/uploads\/studio1-300x148.jpg 300w, https:\/\/www.disfrutalapalma.com\/wp-content\/uploads\/studio1-100x49.jpg 100w\" sizes=\"auto, (max-width: 640px) 100vw, 640px\" \/><\/div>\n<div style=\"font-style:italic;margin-bottom:20px;\">Fotostudio &#8230;<\/div>\n<div><img loading=\"lazy\" decoding=\"async\" src=\"http:\/\/www.disfrutalapalma.com\/wp-content\/uploads\/studio2.jpg\" alt=\"\" title=\"studio2\" width=\"640\" height=\"317\" class=\"alignnone size-full wp-image-17663\" srcset=\"https:\/\/www.disfrutalapalma.com\/wp-content\/uploads\/studio2.jpg 640w, https:\/\/www.disfrutalapalma.com\/wp-content\/uploads\/studio2-300x148.jpg 300w, https:\/\/www.disfrutalapalma.com\/wp-content\/uploads\/studio2-100x49.jpg 100w\" sizes=\"auto, (max-width: 640px) 100vw, 640px\" \/><\/div>\n<div style=\"font-style:italic;margin-bottom:20px;\">Fotostudio &#8230;<\/div>\n<div><img loading=\"lazy\" decoding=\"async\" src=\"http:\/\/www.disfrutalapalma.com\/wp-content\/uploads\/kueche1-2.jpg\" alt=\"Studiok\u00fcche\" title=\"kueche1-2\" width=\"640\" height=\"317\" class=\"alignnone size-full wp-image-17669\" srcset=\"https:\/\/www.disfrutalapalma.com\/wp-content\/uploads\/kueche1-2.jpg 640w, https:\/\/www.disfrutalapalma.com\/wp-content\/uploads\/kueche1-2-300x148.jpg 300w, https:\/\/www.disfrutalapalma.com\/wp-content\/uploads\/kueche1-2-100x49.jpg 100w\" sizes=\"auto, (max-width: 640px) 100vw, 640px\" \/><\/div>\n<div style=\"font-style:italic;margin-bottom:20px;\">Voll ausgestattete Studiok\u00fcche &#8230;<\/div>\n<div><img loading=\"lazy\" decoding=\"async\" src=\"http:\/\/www.disfrutalapalma.com\/wp-content\/uploads\/lager1.jpg\" alt=\"Requisitenlager\" title=\"lager1\" width=\"640\" height=\"317\" class=\"alignnone size-full wp-image-17673\" srcset=\"https:\/\/www.disfrutalapalma.com\/wp-content\/uploads\/lager1.jpg 640w, https:\/\/www.disfrutalapalma.com\/wp-content\/uploads\/lager1-300x148.jpg 300w, https:\/\/www.disfrutalapalma.com\/wp-content\/uploads\/lager1-100x49.jpg 100w\" sizes=\"auto, (max-width: 640px) 100vw, 640px\" \/><\/div>\n<div style=\"font-style:italic;margin-bottom:20px;\">Gro\u00dfz\u00fcgige Lagerfl\u00e4chen f\u00fcr Requisiten, Deko-Utensilien sowie Unter- und Hintergr\u00fcnde &#8230;<\/div>\n<\/div>\n<div class=\"associated-posts title-full-content\"><\/div>\n","protected":false},"excerpt":{"rendered":"<p>Sie finden uns in unmittelbarer N\u00e4he des Stadtzentrums von Los Llanos de Aridane, im Ortsteil Triana, in der Stra\u00dfe Calle Pedro Miguel Hern\u00e1ndez Camacho 44 (nebenan vom Elektrohandel COELCA bzw. gegen\u00fcber dem Friseursalon CORTATE UN PELO). Willkommen im \u00a1DISFRUTA!-Verlagsb\u00fcro &#8230; &hellip; <a href=\"https:\/\/www.disfrutalapalma.com\/de\/revista\/standort-verlagsb%c3%bcro\/\">Weiterlesen <span class=\"meta-nav\">&rarr;<\/span><\/a><\/p>\n","protected":false},"author":3004,"featured_media":0,"parent":380,"menu_order":216,"comment_status":"closed","ping_status":"closed","template":"","meta":{"_acf_changed":false,"footnotes":""},"class_list":["post-17654","page","type-page","status-publish","hentry"],"acf":[],"_links":{"self":[{"href":"https:\/\/www.disfrutalapalma.com\/de\/wp-json\/wp\/v2\/pages\/17654","targetHints":{"allow":["GET"]}}],"collection":[{"href":"https:\/\/www.disfrutalapalma.com\/de\/wp-json\/wp\/v2\/pages"}],"about":[{"href":"https:\/\/www.disfrutalapalma.com\/de\/wp-json\/wp\/v2\/types\/page"}],"author":[{"embeddable":true,"href":"https:\/\/www.disfrutalapalma.com\/de\/wp-json\/wp\/v2\/users\/3004"}],"replies":[{"embeddable":true,"href":"https:\/\/www.disfrutalapalma.com\/de\/wp-json\/wp\/v2\/comments?post=17654"}],"version-history":[{"count":20,"href":"https:\/\/www.disfrutalapalma.com\/de\/wp-json\/wp\/v2\/pages\/17654\/revisions"}],"predecessor-version":[{"id":23082,"href":"https:\/\/www.disfrutalapalma.com\/de\/wp-json\/wp\/v2\/pages\/17654\/revisions\/23082"}],"up":[{"embeddable":true,"href":"https:\/\/www.disfrutalapalma.com\/de\/wp-json\/wp\/v2\/pages\/380"}],"wp:attachment":[{"href":"https:\/\/www.disfrutalapalma.com\/de\/wp-json\/wp\/v2\/media?parent=17654"}],"curies":[{"name":"wp","href":"https:\/\/api.w.org\/{rel}","templated":true}]}}