{"id":14602,"date":"2015-06-24T16:21:38","date_gmt":"2015-06-24T15:21:38","guid":{"rendered":"http:\/\/www.disfrutalapalma.com\/?page_id=14602"},"modified":"2015-06-24T16:21:38","modified_gmt":"2015-06-24T15:21:38","slug":"schmuck","status":"publish","type":"page","link":"https:\/\/www.disfrutalapalma.com\/de\/diverses-guide\/schmuck\/","title":{"rendered":"Schmuck"},"content":{"rendered":"<p>Shopping-Guide f\u00fcr Schmuck<\/p>\n<div style=\"border: #CCC 1px solid; padding:10px;margin-bottom:15px;padding-bottom:6px;\"><img loading=\"lazy\" decoding=\"async\" src=\"http:\/\/www.disfrutalapalma.com\/wp-content\/associated-posts\/varioseintrag1\/mode_aktiv20.gif\" width=\"20\" height=\"20\" alt=\"Mode\" style=\"margin-right:3px;\"\/>Mode<img loading=\"lazy\" decoding=\"async\" src=\"http:\/\/www.disfrutalapalma.com\/wp-content\/associated-posts\/varioseintrag1\/schuhe_aktiv20.gif\" width=\"20\" height=\"20\" alt=\"Schuhe\" style=\"margin-right:3px;margin-left:20px;\"\/>Schuhe<img loading=\"lazy\" decoding=\"async\" src=\"http:\/\/www.disfrutalapalma.com\/wp-content\/associated-posts\/varioseintrag1\/sport_aktiv20.gif\" width=\"20\" height=\"20\" alt=\"Sport\" style=\"margin-right:3px;margin-left:20px;\"\/>Sport<img loading=\"lazy\" decoding=\"async\" src=\"http:\/\/www.disfrutalapalma.com\/wp-content\/associated-posts\/varioseintrag1\/accessoires_aktiv20.gif\" width=\"20\" height=\"20\" alt=\"Accessoires\" style=\"margin-right:3px;margin-left:20px;\"\/>Accessoires<img loading=\"lazy\" decoding=\"async\" src=\"http:\/\/www.disfrutalapalma.com\/wp-content\/associated-posts\/varioseintrag1\/schmuck_aktiv20.gif\" width=\"20\" height=\"20\" alt=\"Schmuck\" style=\"margin-right:3px;margin-left:20px;\"\/>Schmuck<img loading=\"lazy\" decoding=\"async\" src=\"http:\/\/www.disfrutalapalma.com\/wp-content\/associated-posts\/varioseintrag1\/schoenheit_aktiv20.gif\" width=\"20\" height=\"20\" alt=\"Sch\u00f6nheit &#038; Gesundheit\" style=\"margin-right:3px;margin-left:20px;\"\/>Sch\u00f6nheit &#038; Gesundheit\n<\/div>\n<div class=\"associated-posts title-full-content\"><div class=\"associated-post\"><h2 class=\"post-title\"><a href=\"https:\/\/www.disfrutalapalma.com\/de\/varios\/taller-de-orfebre-el-tesoro\/\" title=\"Taller de Orfebre | Goldschmiedeatelier EL TESORO\">Taller de Orfebre | Goldschmiedeatelier EL TESORO<\/a><\/h2><div class=\"post-content\"><\/div><\/div><div class=\"associated-post\"><h2 class=\"post-title\"><a href=\"https:\/\/www.disfrutalapalma.com\/de\/varios\/la-molina-artesan%c3%ada\/\" title=\"La Molina Artesan\u00eda\">La Molina Artesan\u00eda<\/a><\/h2><div class=\"post-content\"><\/div><\/div><div class=\"associated-post\"><h2 class=\"post-title\"><a href=\"https:\/\/www.disfrutalapalma.com\/de\/varios\/a-mano-artesan%c3%ada-y-joyas-de-cristal-kunsthandwerk-glasschmuck\/\" title=\"A Mano &#8211; artesan\u00eda y joyas de cristal | Kunsthandwerk &#038; Glasschmuck\">A Mano &#8211; artesan\u00eda y joyas de cristal | Kunsthandwerk &#038; Glasschmuck<\/a><\/h2><div class=\"post-content\"><\/div><\/div><div class=\"associated-post\"><h2 class=\"post-title\"><a href=\"https:\/\/www.disfrutalapalma.com\/de\/varios\/aguamarina-dise%c3%b1o-de-joyas-design-aus-edelstein\/\" title=\"Aguamarina Dise\u00f1o de Joyas | Design aus Edelstein\">Aguamarina Dise\u00f1o de Joyas | Design aus Edelstein<\/a><\/h2><div class=\"post-content\"><\/div><\/div><div class=\"associated-post\"><h2 class=\"post-title\"><a href=\"https:\/\/www.disfrutalapalma.com\/de\/varios\/mabel-joyeros-juveliere-3\/\" title=\"MABEL Joyeros Juveliere\">MABEL Joyeros Juveliere<\/a><\/h2><div class=\"post-content\"><\/div><\/div><div class=\"associated-post\"><h2 class=\"post-title\"><a href=\"https:\/\/www.disfrutalapalma.com\/de\/varios\/mabel-joyeros-juveliere-2\/\" title=\"MABEL Joyeros Juveliere\">MABEL Joyeros Juveliere<\/a><\/h2><div class=\"post-content\"><\/div><\/div><div class=\"associated-post\"><h2 class=\"post-title\"><a href=\"https:\/\/www.disfrutalapalma.com\/de\/varios\/mabel-joyeros-juveliere\/\" title=\"MABEL Joyeros Juveliere\">MABEL Joyeros Juveliere<\/a><\/h2><div class=\"post-content\"><\/div><\/div><div class=\"associated-post\"><h2 class=\"post-title\"><a href=\"https:\/\/www.disfrutalapalma.com\/de\/varios\/outlet-mabel-joyeros-juveliere\/\" title=\"Outlet MABEL Joyeros Juveliere\">Outlet MABEL Joyeros Juveliere<\/a><\/h2><div class=\"post-content\"><\/div><\/div><div class=\"associated-post\"><h2 class=\"post-title\"><a href=\"https:\/\/www.disfrutalapalma.com\/de\/varios\/taller-de-joyas-de-cristal-glas-schmuckwerkst\/\" title=\"Taller de Joyas de cristal | Glasschmuckwerkstatt\">Taller de Joyas de cristal | Glasschmuckwerkstatt<\/a><\/h2><div class=\"post-content\"><\/div><\/div><div class=\"associated-post\"><h2 class=\"post-title\"><a href=\"https:\/\/www.disfrutalapalma.com\/de\/varios\/lavacristina-joyas-de-lava\/\" title=\"LavaCristina &#8211; Joyas de lava | Lavaschmuck \u00b7 Shop 1\">LavaCristina &#8211; Joyas de lava | Lavaschmuck \u00b7 Shop 1<\/a><\/h2><div class=\"post-content\"><\/div><\/div><div class=\"associated-post\"><h2 class=\"post-title\"><a href=\"https:\/\/www.disfrutalapalma.com\/de\/varios\/camale%c3%b3n-arte-y-dise%c3%b1o-de-joyas-2\/\" title=\"Ina Irmen &#8211; Dise\u00f1o de Joyas | Schmuckdesign\">Ina Irmen &#8211; Dise\u00f1o de Joyas | Schmuckdesign<\/a><\/h2><div class=\"post-content\"><\/div><\/div><div class=\"associated-post\"><h2 class=\"post-title\"><a href=\"https:\/\/www.disfrutalapalma.com\/de\/varios\/arte-lava\/\" title=\"ArteLava\">ArteLava<\/a><\/h2><div class=\"post-content\"><\/div><\/div><div class=\"associated-post\"><h2 class=\"post-title\"><a href=\"https:\/\/www.disfrutalapalma.com\/de\/varios\/el-orfebre-2\/\" title=\"Joyero | Goldschmied El Orfebre &#8211; Steffen Heydemann\">Joyero | Goldschmied El Orfebre &#8211; Steffen Heydemann<\/a><\/h2><div class=\"post-content\"><div class=\"associated-posts title-full-content\"><\/div><\/div><\/div><div class=\"associated-post\"><h2 class=\"post-title\"><a href=\"https:\/\/www.disfrutalapalma.com\/de\/varios\/volc%c3%a1n-verde\/\" title=\"Volc\u00e1n Verde &#8211; Joyas \u00fanicas &#8211; Edler Schmuck\">Volc\u00e1n Verde &#8211; Joyas \u00fanicas &#8211; Edler Schmuck<\/a><\/h2><div class=\"post-content\"><\/div><\/div><div class=\"associated-post\"><h2 class=\"post-title\"><a href=\"https:\/\/www.disfrutalapalma.com\/de\/varios\/flamenca-5-2\/\" title=\"Flamenca\">Flamenca<\/a><\/h2><div class=\"post-content\"><\/div><\/div><div class=\"associated-post\"><h2 class=\"post-title\"><a href=\"https:\/\/www.disfrutalapalma.com\/de\/varios\/flamenca-4\/\" title=\"Flamenca\">Flamenca<\/a><\/h2><div class=\"post-content\"><\/div><\/div><div class=\"associated-post\"><h2 class=\"post-title\"><a href=\"https:\/\/www.disfrutalapalma.com\/de\/varios\/flamenca-3\/\" title=\"Flamenca\">Flamenca<\/a><\/h2><div class=\"post-content\"><\/div><\/div><div class=\"associated-post\"><h2 class=\"post-title\"><a href=\"https:\/\/www.disfrutalapalma.com\/de\/varios\/flamenca-2\/\" title=\"Flamenca\">Flamenca<\/a><\/h2><div class=\"post-content\"><\/div><\/div><div class=\"associated-post\"><h2 class=\"post-title\"><a href=\"https:\/\/www.disfrutalapalma.com\/de\/varios\/boutique-3h\/\" title=\"Boutique 3H\">Boutique 3H<\/a><\/h2><div class=\"post-content\"><\/div><\/div><div class=\"associated-post\"><h2 class=\"post-title\"><a href=\"https:\/\/www.disfrutalapalma.com\/de\/varios\/flamenca\/\" title=\"Flamenca\">Flamenca<\/a><\/h2><div class=\"post-content\"><\/div><\/div><div class=\"associated-post\"><h2 class=\"post-title\"><a href=\"https:\/\/www.disfrutalapalma.com\/de\/varios\/%c3%adndigo-moda\/\" title=\"\u00cdndigo Moda\">\u00cdndigo Moda<\/a><\/h2><div class=\"post-content\"><\/div><\/div><div class=\"associated-post\"><h2 class=\"post-title\"><a href=\"https:\/\/www.disfrutalapalma.com\/de\/varios\/dise%c3%b1o-moda\/\" title=\"Dise\u00f1o Moda\">Dise\u00f1o Moda<\/a><\/h2><div class=\"post-content\"><\/div><\/div><\/div>\n","protected":false},"excerpt":{"rendered":"<p>Shopping-Guide f\u00fcr Schmuck ModeSchuheSportAccessoiresSchmuckSch\u00f6nheit &#038; Gesundheit Taller de Orfebre | Goldschmiedeatelier EL TESOROLa Molina Artesan\u00edaA Mano &#8211; artesan\u00eda y joyas de cristal | Kunsthandwerk &#038; GlasschmuckAguamarina Dise\u00f1o de Joyas | Design aus EdelsteinMABEL Joyeros JuveliereMABEL Joyeros JuveliereMABEL Joyeros JuveliereOutlet MABEL &hellip; <a href=\"https:\/\/www.disfrutalapalma.com\/de\/diverses-guide\/schmuck\/\">Weiterlesen <span class=\"meta-nav\">&rarr;<\/span><\/a><\/p>\n","protected":false},"author":3004,"featured_media":0,"parent":6976,"menu_order":208,"comment_status":"closed","ping_status":"closed","template":"","meta":{"_acf_changed":false,"footnotes":""},"class_list":["post-14602","page","type-page","status-publish","hentry"],"acf":[],"_links":{"self":[{"href":"https:\/\/www.disfrutalapalma.com\/de\/wp-json\/wp\/v2\/pages\/14602","targetHints":{"allow":["GET"]}}],"collection":[{"href":"https:\/\/www.disfrutalapalma.com\/de\/wp-json\/wp\/v2\/pages"}],"about":[{"href":"https:\/\/www.disfrutalapalma.com\/de\/wp-json\/wp\/v2\/types\/page"}],"author":[{"embeddable":true,"href":"https:\/\/www.disfrutalapalma.com\/de\/wp-json\/wp\/v2\/users\/3004"}],"replies":[{"embeddable":true,"href":"https:\/\/www.disfrutalapalma.com\/de\/wp-json\/wp\/v2\/comments?post=14602"}],"version-history":[{"count":1,"href":"https:\/\/www.disfrutalapalma.com\/de\/wp-json\/wp\/v2\/pages\/14602\/revisions"}],"predecessor-version":[{"id":14603,"href":"https:\/\/www.disfrutalapalma.com\/de\/wp-json\/wp\/v2\/pages\/14602\/revisions\/14603"}],"up":[{"embeddable":true,"href":"https:\/\/www.disfrutalapalma.com\/de\/wp-json\/wp\/v2\/pages\/6976"}],"wp:attachment":[{"href":"https:\/\/www.disfrutalapalma.com\/de\/wp-json\/wp\/v2\/media?parent=14602"}],"curies":[{"name":"wp","href":"https:\/\/api.w.org\/{rel}","templated":true}]}}