{"id":14599,"date":"2015-06-24T16:20:13","date_gmt":"2015-06-24T15:20:13","guid":{"rendered":"http:\/\/www.disfrutalapalma.com\/?page_id=14599"},"modified":"2015-06-24T16:20:13","modified_gmt":"2015-06-24T15:20:13","slug":"accessoires","status":"publish","type":"page","link":"https:\/\/www.disfrutalapalma.com\/de\/diverses-guide\/accessoires\/","title":{"rendered":"Accessoires"},"content":{"rendered":"<p>Shopping-Guide f\u00fcr Accessoires<\/p>\n<div style=\"border: #CCC 1px solid; padding:10px;margin-bottom:15px;padding-bottom:6px;\"><img loading=\"lazy\" decoding=\"async\" src=\"http:\/\/www.disfrutalapalma.com\/wp-content\/associated-posts\/varioseintrag1\/mode_aktiv20.gif\" width=\"20\" height=\"20\" alt=\"Mode\" style=\"margin-right:3px;\"\/>Mode<img loading=\"lazy\" decoding=\"async\" src=\"http:\/\/www.disfrutalapalma.com\/wp-content\/associated-posts\/varioseintrag1\/schuhe_aktiv20.gif\" width=\"20\" height=\"20\" alt=\"Schuhe\" style=\"margin-right:3px;margin-left:20px;\"\/>Schuhe<img loading=\"lazy\" decoding=\"async\" src=\"http:\/\/www.disfrutalapalma.com\/wp-content\/associated-posts\/varioseintrag1\/sport_aktiv20.gif\" width=\"20\" height=\"20\" alt=\"Sport\" style=\"margin-right:3px;margin-left:20px;\"\/>Sport<img loading=\"lazy\" decoding=\"async\" src=\"http:\/\/www.disfrutalapalma.com\/wp-content\/associated-posts\/varioseintrag1\/accessoires_aktiv20.gif\" width=\"20\" height=\"20\" alt=\"Accessoires\" style=\"margin-right:3px;margin-left:20px;\"\/>Accessoires<img loading=\"lazy\" decoding=\"async\" src=\"http:\/\/www.disfrutalapalma.com\/wp-content\/associated-posts\/varioseintrag1\/schmuck_aktiv20.gif\" width=\"20\" height=\"20\" alt=\"Schmuck\" style=\"margin-right:3px;margin-left:20px;\"\/>Schmuck<img loading=\"lazy\" decoding=\"async\" src=\"http:\/\/www.disfrutalapalma.com\/wp-content\/associated-posts\/varioseintrag1\/schoenheit_aktiv20.gif\" width=\"20\" height=\"20\" alt=\"Sch\u00f6nheit &#038; Gesundheit\" style=\"margin-right:3px;margin-left:20px;\"\/>Sch\u00f6nheit &#038; Gesundheit\n<\/div>\n<div class=\"associated-posts title-full-content\"><div class=\"associated-post\"><h2 class=\"post-title\"><a href=\"https:\/\/www.disfrutalapalma.com\/de\/varios\/la-molina-artesan%c3%ada\/\" title=\"La Molina Artesan\u00eda\">La Molina Artesan\u00eda<\/a><\/h2><div class=\"post-content\"><\/div><\/div><div class=\"associated-post\"><h2 class=\"post-title\"><a href=\"https:\/\/www.disfrutalapalma.com\/de\/varios\/lapalmagalpa\/\" title=\"LaPalmagalpa\">LaPalmagalpa<\/a><\/h2><div class=\"post-content\"><\/div><\/div><div class=\"associated-post\"><h2 class=\"post-title\"><a href=\"https:\/\/www.disfrutalapalma.com\/de\/varios\/the-best-of-la-palma\/\" title=\"The Best of La Palma\">The Best of La Palma<\/a><\/h2><div class=\"post-content\"><\/div><\/div><div class=\"associated-post\"><h2 class=\"post-title\"><a href=\"https:\/\/www.disfrutalapalma.com\/de\/varios\/%c3%b3ptica-el-valle\/\" title=\"\u00d3ptica El Valle\">\u00d3ptica El Valle<\/a><\/h2><div class=\"post-content\"><\/div><\/div><div class=\"associated-post\"><h2 class=\"post-title\"><a href=\"https:\/\/www.disfrutalapalma.com\/de\/varios\/optica-naranja\/\" title=\"\u00d3ptica Naranja\">\u00d3ptica Naranja<\/a><\/h2><div class=\"post-content\"><\/div><\/div><div class=\"associated-post\"><h2 class=\"post-title\"><a href=\"https:\/\/www.disfrutalapalma.com\/de\/varios\/sunglass-island\/\" title=\"Sunglass Island\">Sunglass Island<\/a><\/h2><div class=\"post-content\"><\/div><\/div><div class=\"associated-post\"><h2 class=\"post-title\"><a href=\"https:\/\/www.disfrutalapalma.com\/de\/varios\/opticalia-la-plaza\/\" title=\"OPTICALIA La Plaza\">OPTICALIA La Plaza<\/a><\/h2><div class=\"post-content\"><\/div><\/div><div class=\"associated-post\"><h2 class=\"post-title\"><a href=\"https:\/\/www.disfrutalapalma.com\/de\/varios\/la-palmerita-taller-de-piel-2\/\" title=\"La Palmerita &#8211; Taller de Piel &#8211; Lederwerkstatt\">La Palmerita &#8211; Taller de Piel &#8211; Lederwerkstatt<\/a><\/h2><div class=\"post-content\"><\/div><\/div><div class=\"associated-post\"><h2 class=\"post-title\"><a href=\"https:\/\/www.disfrutalapalma.com\/de\/varios\/flamenca-5-2\/\" title=\"Flamenca\">Flamenca<\/a><\/h2><div class=\"post-content\"><\/div><\/div><div class=\"associated-post\"><h2 class=\"post-title\"><a href=\"https:\/\/www.disfrutalapalma.com\/de\/varios\/flamenca-4\/\" title=\"Flamenca\">Flamenca<\/a><\/h2><div class=\"post-content\"><\/div><\/div><div class=\"associated-post\"><h2 class=\"post-title\"><a href=\"https:\/\/www.disfrutalapalma.com\/de\/varios\/flamenca-3\/\" title=\"Flamenca\">Flamenca<\/a><\/h2><div class=\"post-content\"><\/div><\/div><div class=\"associated-post\"><h2 class=\"post-title\"><a href=\"https:\/\/www.disfrutalapalma.com\/de\/varios\/flamenca-2\/\" title=\"Flamenca\">Flamenca<\/a><\/h2><div class=\"post-content\"><\/div><\/div><div class=\"associated-post\"><h2 class=\"post-title\"><a href=\"https:\/\/www.disfrutalapalma.com\/de\/varios\/comercial-topeto-s-l\/\" title=\"Comercial Topeto, S.L.\">Comercial Topeto, S.L.<\/a><\/h2><div class=\"post-content\"><\/div><\/div><div class=\"associated-post\"><h2 class=\"post-title\"><a href=\"https:\/\/www.disfrutalapalma.com\/de\/varios\/flamenca\/\" title=\"Flamenca\">Flamenca<\/a><\/h2><div class=\"post-content\"><\/div><\/div><div class=\"associated-post\"><h2 class=\"post-title\"><a href=\"https:\/\/www.disfrutalapalma.com\/de\/varios\/confetti-moda\/\" title=\"Confetti Moda\">Confetti Moda<\/a><\/h2><div class=\"post-content\"><\/div><\/div><div class=\"associated-post\"><h2 class=\"post-title\"><a href=\"https:\/\/www.disfrutalapalma.com\/de\/varios\/%c3%adndigo-moda\/\" title=\"\u00cdndigo Moda\">\u00cdndigo Moda<\/a><\/h2><div class=\"post-content\"><\/div><\/div><div class=\"associated-post\"><h2 class=\"post-title\"><a href=\"https:\/\/www.disfrutalapalma.com\/de\/varios\/nueva-vida-2\/\" title=\"Nueva Vida\">Nueva Vida<\/a><\/h2><div class=\"post-content\"><\/div><\/div><div class=\"associated-post\"><h2 class=\"post-title\"><a href=\"https:\/\/www.disfrutalapalma.com\/de\/varios\/dise%c3%b1o-moda\/\" title=\"Dise\u00f1o Moda\">Dise\u00f1o Moda<\/a><\/h2><div class=\"post-content\"><\/div><\/div><\/div>\n","protected":false},"excerpt":{"rendered":"<p>Shopping-Guide f\u00fcr Accessoires ModeSchuheSportAccessoiresSchmuckSch\u00f6nheit &#038; Gesundheit La Molina Artesan\u00edaLaPalmagalpaThe Best of La Palma\u00d3ptica El Valle\u00d3ptica NaranjaSunglass IslandOPTICALIA La PlazaLa Palmerita &#8211; Taller de Piel &#8211; LederwerkstattFlamencaFlamencaFlamencaFlamencaComercial Topeto, S.L.FlamencaConfetti Moda\u00cdndigo ModaNueva VidaDise\u00f1o Moda<\/p>\n","protected":false},"author":3004,"featured_media":0,"parent":6976,"menu_order":13,"comment_status":"closed","ping_status":"closed","template":"","meta":{"_acf_changed":false,"footnotes":""},"class_list":["post-14599","page","type-page","status-publish","hentry"],"acf":[],"_links":{"self":[{"href":"https:\/\/www.disfrutalapalma.com\/de\/wp-json\/wp\/v2\/pages\/14599","targetHints":{"allow":["GET"]}}],"collection":[{"href":"https:\/\/www.disfrutalapalma.com\/de\/wp-json\/wp\/v2\/pages"}],"about":[{"href":"https:\/\/www.disfrutalapalma.com\/de\/wp-json\/wp\/v2\/types\/page"}],"author":[{"embeddable":true,"href":"https:\/\/www.disfrutalapalma.com\/de\/wp-json\/wp\/v2\/users\/3004"}],"replies":[{"embeddable":true,"href":"https:\/\/www.disfrutalapalma.com\/de\/wp-json\/wp\/v2\/comments?post=14599"}],"version-history":[{"count":1,"href":"https:\/\/www.disfrutalapalma.com\/de\/wp-json\/wp\/v2\/pages\/14599\/revisions"}],"predecessor-version":[{"id":14600,"href":"https:\/\/www.disfrutalapalma.com\/de\/wp-json\/wp\/v2\/pages\/14599\/revisions\/14600"}],"up":[{"embeddable":true,"href":"https:\/\/www.disfrutalapalma.com\/de\/wp-json\/wp\/v2\/pages\/6976"}],"wp:attachment":[{"href":"https:\/\/www.disfrutalapalma.com\/de\/wp-json\/wp\/v2\/media?parent=14599"}],"curies":[{"name":"wp","href":"https:\/\/api.w.org\/{rel}","templated":true}]}}