{"id":14587,"date":"2015-06-24T16:13:56","date_gmt":"2015-06-24T15:13:56","guid":{"rendered":"http:\/\/www.disfrutalapalma.com\/?page_id=14587"},"modified":"2015-06-24T16:15:45","modified_gmt":"2015-06-24T15:15:45","slug":"mode","status":"publish","type":"page","link":"https:\/\/www.disfrutalapalma.com\/de\/diverses-guide\/mode\/","title":{"rendered":"Mode"},"content":{"rendered":"<p>Shopping-Guide f\u00fcr Mode<\/p>\n<div style=\"border: #CCC 1px solid; padding:10px;margin-bottom:15px;padding-bottom:6px;\"><img loading=\"lazy\" decoding=\"async\" src=\"http:\/\/www.disfrutalapalma.com\/wp-content\/associated-posts\/varioseintrag1\/mode_aktiv20.gif\" width=\"20\" height=\"20\" alt=\"Mode\" style=\"margin-right:3px;\"\/>Mode<img loading=\"lazy\" decoding=\"async\" src=\"http:\/\/www.disfrutalapalma.com\/wp-content\/associated-posts\/varioseintrag1\/schuhe_aktiv20.gif\" width=\"20\" height=\"20\" alt=\"Schuhe\" style=\"margin-right:3px;margin-left:20px;\"\/>Schuhe<img loading=\"lazy\" decoding=\"async\" src=\"http:\/\/www.disfrutalapalma.com\/wp-content\/associated-posts\/varioseintrag1\/sport_aktiv20.gif\" width=\"20\" height=\"20\" alt=\"Sport\" style=\"margin-right:3px;margin-left:20px;\"\/>Sport<img loading=\"lazy\" decoding=\"async\" src=\"http:\/\/www.disfrutalapalma.com\/wp-content\/associated-posts\/varioseintrag1\/accessoires_aktiv20.gif\" width=\"20\" height=\"20\" alt=\"Accessoires\" style=\"margin-right:3px;margin-left:20px;\"\/>Accessoires<img loading=\"lazy\" decoding=\"async\" src=\"http:\/\/www.disfrutalapalma.com\/wp-content\/associated-posts\/varioseintrag1\/schmuck_aktiv20.gif\" width=\"20\" height=\"20\" alt=\"Schmuck\" style=\"margin-right:3px;margin-left:20px;\"\/>Schmuck<img loading=\"lazy\" decoding=\"async\" src=\"http:\/\/www.disfrutalapalma.com\/wp-content\/associated-posts\/varioseintrag1\/schoenheit_aktiv20.gif\" width=\"20\" height=\"20\" alt=\"Sch\u00f6nheit &#038; Gesundheit\" style=\"margin-right:3px;margin-left:20px;\"\/>Sch\u00f6nheit &#038; Gesundheit\n<\/div>\n<div class=\"associated-posts title-full-content\"><div class=\"associated-post\"><h2 class=\"post-title\"><a href=\"https:\/\/www.disfrutalapalma.com\/de\/varios\/no-s%c3%b3lo-bikinis\/\" title=\"No s\u00f3lo Bikinis\">No s\u00f3lo Bikinis<\/a><\/h2><div class=\"post-content\"><div class=\"associated-posts title-full-content\"><\/div><\/div><\/div><div class=\"associated-post\"><h2 class=\"post-title\"><a href=\"https:\/\/www.disfrutalapalma.com\/de\/varios\/corso-venecia\/\" title=\"Corso Venecia\">Corso Venecia<\/a><\/h2><div class=\"post-content\"><\/div><\/div><div class=\"associated-post\"><h2 class=\"post-title\"><a href=\"https:\/\/www.disfrutalapalma.com\/de\/varios\/la-molina-artesan%c3%ada\/\" title=\"La Molina Artesan\u00eda\">La Molina Artesan\u00eda<\/a><\/h2><div class=\"post-content\"><\/div><\/div><div class=\"associated-post\"><h2 class=\"post-title\"><a href=\"https:\/\/www.disfrutalapalma.com\/de\/varios\/la-camisa-negra\/\" title=\"La Camisa Negra\">La Camisa Negra<\/a><\/h2><div class=\"post-content\"><\/div><\/div><div class=\"associated-post\"><h2 class=\"post-title\"><a href=\"https:\/\/www.disfrutalapalma.com\/de\/varios\/lapalmagalpa\/\" title=\"LaPalmagalpa\">LaPalmagalpa<\/a><\/h2><div class=\"post-content\"><\/div><\/div><div class=\"associated-post\"><h2 class=\"post-title\"><a href=\"https:\/\/www.disfrutalapalma.com\/de\/varios\/the-best-of-la-palma\/\" title=\"The Best of La Palma\">The Best of La Palma<\/a><\/h2><div class=\"post-content\"><\/div><\/div><div class=\"associated-post\"><h2 class=\"post-title\"><a href=\"https:\/\/www.disfrutalapalma.com\/de\/varios\/%c3%b3ptica-el-valle\/\" title=\"\u00d3ptica El Valle\">\u00d3ptica El Valle<\/a><\/h2><div class=\"post-content\"><\/div><\/div><div class=\"associated-post\"><h2 class=\"post-title\"><a href=\"https:\/\/www.disfrutalapalma.com\/de\/varios\/valle-verde-outdoor-3\/\" title=\"Valle Verde Outdoor\">Valle Verde Outdoor<\/a><\/h2><div class=\"post-content\"><\/div><\/div><div class=\"associated-post\"><h2 class=\"post-title\"><a href=\"https:\/\/www.disfrutalapalma.com\/de\/varios\/distincion\/\" title=\"Distinci\u00f3n\">Distinci\u00f3n<\/a><\/h2><div class=\"post-content\"><\/div><\/div><div class=\"associated-post\"><h2 class=\"post-title\"><a href=\"https:\/\/www.disfrutalapalma.com\/de\/varios\/alameda-jeans\/\" title=\"Alameda Jeans\">Alameda Jeans<\/a><\/h2><div class=\"post-content\"><\/div><\/div><div class=\"associated-post\"><h2 class=\"post-title\"><a href=\"https:\/\/www.disfrutalapalma.com\/de\/varios\/womensecret-2\/\" title=\"Women&#8217;Secret\">Women&#8217;Secret<\/a><\/h2><div class=\"post-content\"><\/div><\/div><div class=\"associated-post\"><h2 class=\"post-title\"><a href=\"https:\/\/www.disfrutalapalma.com\/de\/varios\/impacto-2\/\" title=\"Impacto\">Impacto<\/a><\/h2><div class=\"post-content\"><\/div><\/div><div class=\"associated-post\"><h2 class=\"post-title\"><a href=\"https:\/\/www.disfrutalapalma.com\/de\/varios\/impacto-man-2\/\" title=\"Impacto Man\">Impacto Man<\/a><\/h2><div class=\"post-content\"><\/div><\/div><div class=\"associated-post\"><h2 class=\"post-title\"><a href=\"https:\/\/www.disfrutalapalma.com\/de\/varios\/impacto-3\/\" title=\"Impacto\">Impacto<\/a><\/h2><div class=\"post-content\"><\/div><\/div><div class=\"associated-post\"><h2 class=\"post-title\"><a href=\"https:\/\/www.disfrutalapalma.com\/de\/varios\/mas-tallas\/\" title=\"M\u00e1s Tallas\">M\u00e1s Tallas<\/a><\/h2><div class=\"post-content\"><\/div><\/div><div class=\"associated-post\"><h2 class=\"post-title\"><a href=\"https:\/\/www.disfrutalapalma.com\/de\/varios\/heral\/\" title=\"Heral\">Heral<\/a><\/h2><div class=\"post-content\"><\/div><\/div><div class=\"associated-post\"><h2 class=\"post-title\"><a href=\"https:\/\/www.disfrutalapalma.com\/de\/varios\/different\/\" title=\"Different\">Different<\/a><\/h2><div class=\"post-content\"><\/div><\/div><div class=\"associated-post\"><h2 class=\"post-title\"><a href=\"https:\/\/www.disfrutalapalma.com\/de\/varios\/confetti-moda\/\" title=\"Confetti Moda\">Confetti Moda<\/a><\/h2><div class=\"post-content\"><\/div><\/div><div class=\"associated-post\"><h2 class=\"post-title\"><a href=\"https:\/\/www.disfrutalapalma.com\/de\/varios\/%c3%adndigo-moda\/\" title=\"\u00cdndigo Moda\">\u00cdndigo Moda<\/a><\/h2><div class=\"post-content\"><\/div><\/div><div class=\"associated-post\"><h2 class=\"post-title\"><a href=\"https:\/\/www.disfrutalapalma.com\/de\/varios\/nueva-vida-2\/\" title=\"Nueva Vida\">Nueva Vida<\/a><\/h2><div class=\"post-content\"><\/div><\/div><div class=\"associated-post\"><h2 class=\"post-title\"><a href=\"https:\/\/www.disfrutalapalma.com\/de\/varios\/dise%c3%b1o-moda\/\" title=\"Dise\u00f1o Moda\">Dise\u00f1o Moda<\/a><\/h2><div class=\"post-content\"><\/div><\/div><\/div>\n","protected":false},"excerpt":{"rendered":"<p>Shopping-Guide f\u00fcr Mode ModeSchuheSportAccessoiresSchmuckSch\u00f6nheit &#038; Gesundheit No s\u00f3lo BikinisCorso VeneciaLa Molina Artesan\u00edaLa Camisa NegraLaPalmagalpaThe Best of La Palma\u00d3ptica El ValleValle Verde OutdoorDistinci\u00f3nAlameda JeansWomen&#8217;SecretImpactoImpacto ManImpactoM\u00e1s TallasHeralDifferentConfetti Moda\u00cdndigo ModaNueva VidaDise\u00f1o Moda<\/p>\n","protected":false},"author":3004,"featured_media":0,"parent":6976,"menu_order":182,"comment_status":"closed","ping_status":"closed","template":"","meta":{"_acf_changed":false,"footnotes":""},"class_list":["post-14587","page","type-page","status-publish","hentry"],"acf":[],"_links":{"self":[{"href":"https:\/\/www.disfrutalapalma.com\/de\/wp-json\/wp\/v2\/pages\/14587","targetHints":{"allow":["GET"]}}],"collection":[{"href":"https:\/\/www.disfrutalapalma.com\/de\/wp-json\/wp\/v2\/pages"}],"about":[{"href":"https:\/\/www.disfrutalapalma.com\/de\/wp-json\/wp\/v2\/types\/page"}],"author":[{"embeddable":true,"href":"https:\/\/www.disfrutalapalma.com\/de\/wp-json\/wp\/v2\/users\/3004"}],"replies":[{"embeddable":true,"href":"https:\/\/www.disfrutalapalma.com\/de\/wp-json\/wp\/v2\/comments?post=14587"}],"version-history":[{"count":2,"href":"https:\/\/www.disfrutalapalma.com\/de\/wp-json\/wp\/v2\/pages\/14587\/revisions"}],"predecessor-version":[{"id":14591,"href":"https:\/\/www.disfrutalapalma.com\/de\/wp-json\/wp\/v2\/pages\/14587\/revisions\/14591"}],"up":[{"embeddable":true,"href":"https:\/\/www.disfrutalapalma.com\/de\/wp-json\/wp\/v2\/pages\/6976"}],"wp:attachment":[{"href":"https:\/\/www.disfrutalapalma.com\/de\/wp-json\/wp\/v2\/media?parent=14587"}],"curies":[{"name":"wp","href":"https:\/\/api.w.org\/{rel}","templated":true}]}}