{"id":14582,"date":"2015-06-24T16:02:01","date_gmt":"2015-06-24T15:02:01","guid":{"rendered":"http:\/\/www.disfrutalapalma.com\/diverses-guide\/belleza-y-salud\/"},"modified":"2015-06-24T16:22:25","modified_gmt":"2015-06-24T15:22:25","slug":"belleza-y-salud","status":"publish","type":"page","link":"https:\/\/www.disfrutalapalma.com\/de\/diverses-guide\/belleza-y-salud\/","title":{"rendered":"Sch\u00f6nheit &#038; Gesundheit"},"content":{"rendered":"<p>Guide f\u00fcr Sch\u00f6nheit &#038; Gesundheit<\/p>\n<div style=\"border: #CCC 1px solid; padding:10px;margin-bottom:15px;padding-bottom:6px;\"><img loading=\"lazy\" decoding=\"async\" src=\"http:\/\/www.disfrutalapalma.com\/wp-content\/associated-posts\/varioseintrag1\/mode_aktiv20.gif\" width=\"20\" height=\"20\" alt=\"Moda\" style=\"margin-right:3px;\"\/>Moda<img loading=\"lazy\" decoding=\"async\" src=\"http:\/\/www.disfrutalapalma.com\/wp-content\/associated-posts\/varioseintrag1\/schuhe_aktiv20.gif\" width=\"20\" height=\"20\" alt=\"Zapatos\" style=\"margin-right:3px;margin-left:20px;\"\/>Zapatos<img loading=\"lazy\" decoding=\"async\" src=\"http:\/\/www.disfrutalapalma.com\/wp-content\/associated-posts\/varioseintrag1\/sport_aktiv20.gif\" width=\"20\" height=\"20\" alt=\"Deporte\" style=\"margin-right:3px;margin-left:20px;\"\/>Deporte<img loading=\"lazy\" decoding=\"async\" src=\"http:\/\/www.disfrutalapalma.com\/wp-content\/associated-posts\/varioseintrag1\/accessoires_aktiv20.gif\" width=\"20\" height=\"20\" alt=\"Complementos\" style=\"margin-right:3px;margin-left:20px;\"\/>Complementos<img loading=\"lazy\" decoding=\"async\" src=\"http:\/\/www.disfrutalapalma.com\/wp-content\/associated-posts\/varioseintrag1\/schmuck_aktiv20.gif\" width=\"20\" height=\"20\" alt=\"Joyas\" style=\"margin-right:3px;margin-left:20px;\"\/>Joyas<img loading=\"lazy\" decoding=\"async\" src=\"http:\/\/www.disfrutalapalma.com\/wp-content\/associated-posts\/varioseintrag1\/schoenheit_aktiv20.gif\" width=\"20\" height=\"20\" alt=\"Belleza y Salud\" style=\"margin-right:3px;margin-left:20px;\"\/>Belleza y Salud\n<\/div>\n<div class=\"associated-posts title-full-content\"><div class=\"associated-post\"><h2 class=\"post-title\"><a href=\"https:\/\/www.disfrutalapalma.com\/de\/varios\/medicenter-la-palma-centro-de-especialidades-m%c3%a9dicas-de-medicina-integral-i-deutsches-facharztzentrum-f%c3%bcr-ganzheitliche-medizin\/\" title=\"MediCenter La Palma Centro de especialidades m\u00e9dicas de medicina integral I Deutsches Facharztzentrum f\u00fcr ganzheitliche Medizin\">MediCenter La Palma Centro de especialidades m\u00e9dicas de medicina integral I Deutsches Facharztzentrum f\u00fcr ganzheitliche Medizin<\/a><\/h2><div class=\"post-content\"><\/div><\/div><div class=\"associated-post\"><h2 class=\"post-title\"><a href=\"https:\/\/www.disfrutalapalma.com\/de\/varios\/thai-massage-la-palma-2\/\" title=\"Thai Massage La Palma\">Thai Massage La Palma<\/a><\/h2><div class=\"post-content\"><\/div><\/div><div class=\"associated-post\"><h2 class=\"post-title\"><a href=\"https:\/\/www.disfrutalapalma.com\/de\/varios\/yoga-center\/\" title=\"Yoga-Center\">Yoga-Center<\/a><\/h2><div class=\"post-content\"><\/div><\/div><div class=\"associated-post\"><h2 class=\"post-title\"><a href=\"https:\/\/www.disfrutalapalma.com\/de\/varios\/masajes-de-bienestar-nannette-kramer\/\" title=\"Masajes de bienestar Nannette Kramer\">Masajes de bienestar Nannette Kramer<\/a><\/h2><div class=\"post-content\"><\/div><\/div><div class=\"associated-post\"><h2 class=\"post-title\"><a href=\"https:\/\/www.disfrutalapalma.com\/de\/varios\/islasalud-2\/\" title=\"IslaSalud\">IslaSalud<\/a><\/h2><div class=\"post-content\"><\/div><\/div><div class=\"associated-post\"><h2 class=\"post-title\"><a href=\"https:\/\/www.disfrutalapalma.com\/de\/varios\/santovita-masajes-massagen-2\/\" title=\"SantoVita Masajes | Massagen\">SantoVita Masajes | Massagen<\/a><\/h2><div class=\"post-content\"><\/div><\/div><div class=\"associated-post\"><h2 class=\"post-title\"><a href=\"https:\/\/www.disfrutalapalma.com\/de\/varios\/osteopatia-osteopathie-la-palma\/\" title=\"Osteopat\u00eda | Osteopathie La Palma\">Osteopat\u00eda | Osteopathie La Palma<\/a><\/h2><div class=\"post-content\"><\/div><\/div><div class=\"associated-post\"><h2 class=\"post-title\"><a href=\"https:\/\/www.disfrutalapalma.com\/de\/varios\/eva-blechschmidt-masajes-massagen\/\" title=\"Eva Blechschmidt Masajes &#8211; Massagen\">Eva Blechschmidt Masajes &#8211; Massagen<\/a><\/h2><div class=\"post-content\"><\/div><\/div><div class=\"associated-post\"><h2 class=\"post-title\"><a href=\"https:\/\/www.disfrutalapalma.com\/de\/varios\/%c3%b3ptica-el-valle\/\" title=\"\u00d3ptica El Valle\">\u00d3ptica El Valle<\/a><\/h2><div class=\"post-content\"><\/div><\/div><div class=\"associated-post\"><h2 class=\"post-title\"><a href=\"https:\/\/www.disfrutalapalma.com\/de\/varios\/cl%c3%adnica-private-klinik-tinabana-salud-2\/\" title=\"Cl\u00ednica | Private Klinik Tinabana Salud\">Cl\u00ednica | Private Klinik Tinabana Salud<\/a><\/h2><div class=\"post-content\"><\/div><\/div><div class=\"associated-post\"><h2 class=\"post-title\"><a href=\"https:\/\/www.disfrutalapalma.com\/de\/varios\/medico-arzt-claus-voss-2\/\" title=\"M\u00e9dico | Arzt Claus Voss\">M\u00e9dico | Arzt Claus Voss<\/a><\/h2><div class=\"post-content\"><\/div><\/div><div class=\"associated-post\"><h2 class=\"post-title\"><a href=\"https:\/\/www.disfrutalapalma.com\/de\/varios\/dentista-zahnarztpraxis-clinica-dental-cristal-s-l-u\/\" title=\"Dentista | Zahnarztpraxis Cl\u00ednica Dental CRISTAL S.L.U.\">Dentista | Zahnarztpraxis Cl\u00ednica Dental CRISTAL S.L.U.<\/a><\/h2><div class=\"post-content\"><\/div><\/div><div class=\"associated-post\"><h2 class=\"post-title\"><a href=\"https:\/\/www.disfrutalapalma.com\/de\/varios\/parami-2\/\" title=\"Parami Ayurveda\">Parami Ayurveda<\/a><\/h2><div class=\"post-content\"><div class=\"associated-posts title-excerpt-thumbnail\"><\/div><\/div><\/div><div class=\"associated-post\"><h2 class=\"post-title\"><a href=\"https:\/\/www.disfrutalapalma.com\/de\/varios\/haarzeit-la-palma-2\/\" title=\"Haarzeit La Palma\">Haarzeit La Palma<\/a><\/h2><div class=\"post-content\"><\/div><\/div><div class=\"associated-post\"><h2 class=\"post-title\"><a href=\"https:\/\/www.disfrutalapalma.com\/de\/varios\/estetica-victoria-aleman-beautyzentrum\/\" title=\"Est\u00e9tica Victoria Alem\u00e1n Beautyzentrum\">Est\u00e9tica Victoria Alem\u00e1n Beautyzentrum<\/a><\/h2><div class=\"post-content\"><\/div><\/div><div class=\"associated-post\"><h2 class=\"post-title\"><a href=\"https:\/\/www.disfrutalapalma.com\/de\/varios\/salon-friseursalon-cortate-un-pelo\/\" title=\"Sal\u00f3n | Friseursalon C\u00f3rtate un pelo\">Sal\u00f3n | Friseursalon C\u00f3rtate un pelo<\/a><\/h2><div class=\"post-content\"><\/div><\/div><div class=\"associated-post\"><h2 class=\"post-title\"><a href=\"https:\/\/www.disfrutalapalma.com\/de\/varios\/opencel-centro-de-est%c3%a9tica-sch%c3%b6nheitszentrum\/\" title=\"Opencel &#8211; Centro de est\u00e9tica | Sch\u00f6nheitszentrum\">Opencel &#8211; Centro de est\u00e9tica | Sch\u00f6nheitszentrum<\/a><\/h2><div class=\"post-content\"><\/div><\/div><\/div>\n","protected":false},"excerpt":{"rendered":"<p>Guide f\u00fcr Sch\u00f6nheit &#038; Gesundheit ModaZapatosDeporteComplementosJoyasBelleza y Salud MediCenter La Palma Centro de especialidades m\u00e9dicas de medicina integral I Deutsches Facharztzentrum f\u00fcr ganzheitliche MedizinThai Massage La PalmaYoga-CenterMasajes de bienestar Nannette KramerIslaSaludSantoVita Masajes | MassagenOsteopat\u00eda | Osteopathie La PalmaEva Blechschmidt Masajes &hellip; <a href=\"https:\/\/www.disfrutalapalma.com\/de\/diverses-guide\/belleza-y-salud\/\">Weiterlesen <span class=\"meta-nav\">&rarr;<\/span><\/a><\/p>\n","protected":false},"author":3004,"featured_media":0,"parent":6976,"menu_order":209,"comment_status":"closed","ping_status":"closed","template":"","meta":{"_acf_changed":false,"footnotes":""},"class_list":["post-14582","page","type-page","status-publish","hentry"],"acf":[],"_links":{"self":[{"href":"https:\/\/www.disfrutalapalma.com\/de\/wp-json\/wp\/v2\/pages\/14582","targetHints":{"allow":["GET"]}}],"collection":[{"href":"https:\/\/www.disfrutalapalma.com\/de\/wp-json\/wp\/v2\/pages"}],"about":[{"href":"https:\/\/www.disfrutalapalma.com\/de\/wp-json\/wp\/v2\/types\/page"}],"author":[{"embeddable":true,"href":"https:\/\/www.disfrutalapalma.com\/de\/wp-json\/wp\/v2\/users\/3004"}],"replies":[{"embeddable":true,"href":"https:\/\/www.disfrutalapalma.com\/de\/wp-json\/wp\/v2\/comments?post=14582"}],"version-history":[{"count":5,"href":"https:\/\/www.disfrutalapalma.com\/de\/wp-json\/wp\/v2\/pages\/14582\/revisions"}],"predecessor-version":[{"id":14604,"href":"https:\/\/www.disfrutalapalma.com\/de\/wp-json\/wp\/v2\/pages\/14582\/revisions\/14604"}],"up":[{"embeddable":true,"href":"https:\/\/www.disfrutalapalma.com\/de\/wp-json\/wp\/v2\/pages\/6976"}],"wp:attachment":[{"href":"https:\/\/www.disfrutalapalma.com\/de\/wp-json\/wp\/v2\/media?parent=14582"}],"curies":[{"name":"wp","href":"https:\/\/api.w.org\/{rel}","templated":true}]}}