{"id":1142,"date":"2012-01-15T16:26:46","date_gmt":"2012-01-15T15:26:46","guid":{"rendered":"http:\/\/www.disfrutalapalma.com\/?page_id=1142"},"modified":"2024-10-13T16:22:05","modified_gmt":"2024-10-13T15:22:05","slug":"philosophie","status":"publish","type":"page","link":"https:\/\/www.disfrutalapalma.com\/de\/revista\/philosophie\/","title":{"rendered":"Philosophie"},"content":{"rendered":"<div style=\"margin-bottom:10px;height:160px;width:110px; border:15px solid #FD7E2F\"><\/div>\n<p style=\"margin-bottom: 12px; font-size: 22px;\"><strong>Die Philosophie des La-Palma-Magazins mit dem orangen Rahmen<\/strong><\/p>\n<p style=\"margin-bottom: 9px;\"><strong>Das, was alle auf La Palma doch am liebsten tun, also Essen, Trinken, Ausgehen und gut leben, bildet den Themenfokus von <i>\u00a1DISFRUTA! La Palma<\/i>, zu Deutsch: <i>\u00a1GENIESS! La Palma.<\/i><\/strong><\/p>\n<p style=\"margin-bottom: 9px;\">In h\u00f6chster Qualit\u00e4t, in attraktivem \u00c4u\u00dferen und immer aktuell zeigt <i>\u00a1DISFRUTA! La Palma<\/i> sowohl den Inselbesuchern als auch den Bewohnern in zwei gleichberechtigten Sprachen \u2013 Spanisch und Deutsch \u2013 die interessantesten M\u00f6glichkeiten, La Palma auszukosten und gibt eine Menge Tipps, die Vielfalt von Gastronomie, Shopping, Freizeitangebot und Kultur der Insel zu genie\u00dfen. Parallel berichtet <i>\u00a1DISFRUTA! La Palma<\/i> sporadisch \u00fcber die sch\u00f6nsten Unterk\u00fcnfte der Insel und zeigt, wo es sich angenehm und angemessen logieren l\u00e4sst. Viele Insider-Tipps zu allen Themen inklusive.<\/p>\n<p style=\"margin-bottom: 9px;\">Die authentischen, fundierten und ebenso unterhaltsamen Reportagen und Artikel im vorderen Magazinteil begeistern durch erstklassige Fotografie und gut recherchierte Artikel viertelj\u00e4hrlich mit einer Ausgaben-Auflage von derzeit 15.000 Exemplaren.<br \/>\nDer umfangreiche Guide im zweiten Teil des Magazins gibt einen schnellen und umfassenden \u00dcberblick \u00fcber die wichtigsten Angebote und Adressen in Sachen Gastro, Freizeit, Kultur und Unterk\u00fcnfte und fungiert als der Inselratgeber, der laufend benutzt und um Rat gefragt wird: Eine <i>\u00a1DISFRUTA!<\/i> befindet sich in jedem Gep\u00e4ck!<\/p>\n<p>Der hohe Qualit\u00e4tsstandard, die hohe Auflage sowie eine Vielzahl qualifizierter Verteilerstellen machen das Magazin schlie\u00dflich zum verbreitetsten und hochwertigsten Medium der Insel.<\/p>\n<p><strong>Gro\u00dfe Relevanz, ein hoher Beachtungsgrad, eine umfassende Kompetenzzusprache und eine intensive Nutzung des Magazins werden durch dieses Konzept gew\u00e4hrleistet und machen <em>\u00a1DISFRUTA! La Palma<\/em> zu einem wirkungsvollen Werbetr\u00e4ger.<\/strong><\/p>\n<div class=\"associated-posts title-excerpt-thumbnail\"><\/div>\n","protected":false},"excerpt":{"rendered":"<p>Die Philosophie des La-Palma-Magazins mit dem orangen Rahmen Das, was alle auf La Palma doch am liebsten tun, also Essen, Trinken, Ausgehen und gut leben, bildet den Themenfokus von \u00a1DISFRUTA! La Palma, zu Deutsch: \u00a1GENIESS! La Palma. In h\u00f6chster Qualit\u00e4t, &hellip; <a href=\"https:\/\/www.disfrutalapalma.com\/de\/revista\/philosophie\/\">Weiterlesen <span class=\"meta-nav\">&rarr;<\/span><\/a><\/p>\n","protected":false},"author":3004,"featured_media":0,"parent":380,"menu_order":194,"comment_status":"closed","ping_status":"closed","template":"","meta":{"_acf_changed":false,"footnotes":""},"class_list":["post-1142","page","type-page","status-publish","hentry"],"acf":[],"_links":{"self":[{"href":"https:\/\/www.disfrutalapalma.com\/de\/wp-json\/wp\/v2\/pages\/1142","targetHints":{"allow":["GET"]}}],"collection":[{"href":"https:\/\/www.disfrutalapalma.com\/de\/wp-json\/wp\/v2\/pages"}],"about":[{"href":"https:\/\/www.disfrutalapalma.com\/de\/wp-json\/wp\/v2\/types\/page"}],"author":[{"embeddable":true,"href":"https:\/\/www.disfrutalapalma.com\/de\/wp-json\/wp\/v2\/users\/3004"}],"replies":[{"embeddable":true,"href":"https:\/\/www.disfrutalapalma.com\/de\/wp-json\/wp\/v2\/comments?post=1142"}],"version-history":[{"count":30,"href":"https:\/\/www.disfrutalapalma.com\/de\/wp-json\/wp\/v2\/pages\/1142\/revisions"}],"predecessor-version":[{"id":38999,"href":"https:\/\/www.disfrutalapalma.com\/de\/wp-json\/wp\/v2\/pages\/1142\/revisions\/38999"}],"up":[{"embeddable":true,"href":"https:\/\/www.disfrutalapalma.com\/de\/wp-json\/wp\/v2\/pages\/380"}],"wp:attachment":[{"href":"https:\/\/www.disfrutalapalma.com\/de\/wp-json\/wp\/v2\/media?parent=1142"}],"curies":[{"name":"wp","href":"https:\/\/api.w.org\/{rel}","templated":true}]}}